{"id":25405,"date":"2022-06-29T14:11:51","date_gmt":"2022-06-29T19:11:51","guid":{"rendered":"https:\/\/league.com\/politique-daccessibilite\/"},"modified":"2026-04-11T18:32:25","modified_gmt":"2026-04-11T23:32:25","slug":"politique-daccessibilite","status":"publish","type":"page","link":"https:\/\/league.com\/fr\/politique-daccessibilite\/","title":{"rendered":"Politique d\u2019accessibilit\u00e9"},"content":{"rendered":"\n<section class=\"wp-block-e25m-section bs-section bs-section-b79e6a643e98135314273195d4443455ee56decc bs-section---default bs-section--privacy-banner\"><style>.bs-section.bs-section-b79e6a643e98135314273195d4443455ee56decc{ background-color: #dbeaeb;} <\/style><div class=\"container\">\n<div class=\"wp-block-e25m-row bs-row row  bs-row---default\">\n<div class=\" bs-column col-sm-12   bs-column-5f6574ebb29ac8d58ab608d2aff5b1bbe4f96332 bs-column---default     \">\n<h1 class=\"wp-block-heading has-text-align-center has-praise-shadow-color has-text-color\">Politique d\u2019accessibilit\u00e9<\/h1>\n<\/div>\n<\/div>\n<\/div><\/section>\n\n\n\n<section class=\"wp-block-e25m-section bs-section bs-section-3aab97fabdf99e6433634250268898794d6b1a9b bs-section---default bs-section--privacy-content\"><div class=\"container\">\n<div class=\"wp-block-e25m-row bs-row row justify-content-center  bs-row---default\">\n<div class=\" bs-column col-sm-12 col-lg-10   bs-column-f3832d3c103d486a365afbe8b2e81b54b252af5a bs-column---default     \">\n<h2 class=\"wp-block-heading has-praise-shadow-color has-text-color\"><strong>1. Objectif  <\/strong><\/h2>\n\n\n\n<p class=\"has-grey-color has-text-color\">League Inc. (ci-apr\u00e8s d\u00e9nomm\u00e9e \u00ab&nbsp;nous&nbsp;\u00bb ou \u00ab&nbsp;notre&nbsp;\u00bb) s&rsquo;engage \u00e0 garantir un environnement accessible aux personnes en situation de handicap. Nous nous engageons \u00e0 respecter nos obligations actuelles et futures en vertu du Code des droits de la personne de l&rsquo;Ontario en mati\u00e8re de non-discrimination. Nous comprenons que les obligations en vertu de la <strong>Loi de 2005 sur l\u2019accessibilit\u00e9 pour les personnes handicap\u00e9es de l&rsquo;Ontario<\/strong> et de ses normes d\u2019accessibilit\u00e9 ne remplacent ni ne limitent nos obligations en vertu du Code des droits de la personne de l\u2019Ontario ni envers les personnes handicap\u00e9es en vertu d\u2019aucune autre loi.<\/p>\n\n\n\n<p class=\"has-grey-color has-text-color\">Nous mettrons tout en \u0153uvre pour veiller \u00e0 ce que nos politiques, pratiques et proc\u00e9dures r\u00e9gissant la prestation de nos services aux personnes handicap\u00e9es soient conformes aux principes suivants&nbsp;:<\/p>\n\n\n\n<ul role=\"list\" class=\"wp-block-list has-grey-color has-text-color\">\n<li>Les services sont fournis dans le respect de la dignit\u00e9 et de l&rsquo;ind\u00e9pendance des personnes handicap\u00e9es<\/li>\n\n\n\n<li>Les personnes handicap\u00e9es peuvent b\u00e9n\u00e9ficier des m\u00eames services, au m\u00eame endroit et de la m\u00eame mani\u00e8re que les autres membres du personnel ou les visiteurs<\/li>\n\n\n\n<li>Les personnes handicap\u00e9es b\u00e9n\u00e9ficient des m\u00eames possibilit\u00e9s que les autres pour acc\u00e9der \u00e0 nos services (site web et applications mobiles), les utiliser et en tirer profit<\/li>\n\n\n\n<li>Les communications avec une personne handicap\u00e9e sont men\u00e9es de mani\u00e8re \u00e0 tenir compte du handicap de la personne<\/li>\n<\/ul>\n\n\n\n<h2 class=\"wp-block-heading has-praise-shadow-color has-text-color\"><strong>2. Application de la politique<\/strong><\/h2>\n\n\n\n<p class=\"has-grey-color has-text-color\">Cette politique s&rsquo;applique \u00e0 l&rsquo;ensemble du personnel et aux visiteurs de nos locaux qui sont responsables d&rsquo;assurer l&rsquo;accessibilit\u00e9 aux personnes handicap\u00e9es. La port\u00e9e de la politique couvre \u00e9galement nos services (site Web, applications mobiles) offerts au public.<\/p>\n\n\n\n<h2 class=\"wp-block-heading has-praise-shadow-color has-text-color\"><strong>3.&nbsp;D\u00e9clarations de politique g\u00e9n\u00e9rale<\/strong><\/h2>\n\n\n\n<p class=\"has-grey-color has-text-color\">Sans pr\u00e9judice de notre engagement en faveur de l&rsquo;accessibilit\u00e9, nos politiques et pratiques en la mati\u00e8re sont les suivantes&nbsp;:<\/p>\n\n\n\n<h3 class=\"wp-block-heading has-praise-shadow-color has-text-color\">3.1&nbsp;Appareil fonctionnels<\/h3>\n\n\n\n<p class=\"has-grey-color has-text-color\">Nous invitons les personnes en situation de handicap \u00e0 utiliser des appareil fonctionnel tels que les lecteurs d&rsquo;\u00e9cran et l&rsquo;agrandissement d&rsquo;\u00e9cran pour acc\u00e9der \u00e0 notre <a href=\"https:\/\/league.com\/fr\/\"><span style=\"text-decoration: underline;\">site Web public<\/span><\/a>, <a href=\"https:\/\/app.league.com\/member\/home\"><span style=\"text-decoration: underline;\">site Web des membres<\/span><\/a> et \u00e0 nos applications mobiles (Android et iOS).<\/p>\n\n\n\n<h3 class=\"wp-block-heading has-praise-shadow-color has-text-color\">3.2&nbsp;Communication<\/h3>\n\n\n\n<p class=\"has-grey-color has-text-color\">Nous communiquerons avec les personnes en situation de handicap en tenant compte de leurs besoins particuliers. Les approches de communication sont d\u00e9finies dans notre programme de formation en accessibilit\u00e9.<\/p>\n\n\n\n<h3 class=\"wp-block-heading has-praise-shadow-color has-text-color\">3.3&nbsp;Site Web et applications mobiles accessibles<\/h3>\n\n\n\n<p class=\"has-grey-color has-text-color\">Actuellement, notre <a href=\"https:\/\/league.com\/fr\/\"><span style=\"text-decoration: underline;\">site web public<\/span><\/a>, notre <a href=\"https:\/\/app.league.com\/member\/home\"><span style=\"text-decoration: underline;\">site web des membres<\/span><\/a> et nos applications mobiles (Android et iOS) sont partiellement conformes aux Standards sur l\u2019accessibilit\u00e9 des sites Web (WCAG)&nbsp;2.1, niveau AA, du consortium W3C. Nous travaillons continuellement \u00e0 rendre nos sites Web et applications mobiles pleinement conformes \u00e0 ces directives, afin de garantir que le contenu Web et des applications soit convivial pour les personnes en situation de handicap.<\/p>\n\n\n\n<h3 class=\"wp-block-heading has-praise-shadow-color has-text-color\">3.4&nbsp;Animaux de service<\/h3>\n\n\n\n<p class=\"has-grey-color has-text-color\">Notre personnel ou les visiteurs ayant des handicaps peuvent \u00eatre accompagn\u00e9s d&rsquo;un chien guide ou d&rsquo;un autre animal d&rsquo;assistance (sur demande et sous r\u00e9serve de l&rsquo;autorisation de la direction de l&rsquo;immeuble) lorsqu&rsquo;ils se trouvent dans nos locaux. Si la loi exclut les animaux de soutien des locaux ou d&rsquo;une partie de ceux-ci, nous consulterons une personne pour lui proposer d&rsquo;autres ressources ou arrangements.<\/p>\n\n\n\n<h3 class=\"wp-block-heading has-praise-shadow-color has-text-color\">3.5&nbsp;Personnes de soutien<\/h3>\n\n\n\n<p class=\"has-grey-color has-text-color\">Les personnes handicap\u00e9es peuvent entrer dans nos locaux avec une personne de confiance et avoir acc\u00e8s \u00e0 cette derni\u00e8re lorsqu&rsquo;elles sont dans les locaux. Dans certaines circonstances, nous pouvons exiger que les personnes handicap\u00e9es soient accompagn\u00e9es d&rsquo;un accompagnateur lorsqu&rsquo;elles se trouvent dans nos locaux, mais uniquement si la pr\u00e9sence d&rsquo;un accompagnateur est n\u00e9cessaire pour prot\u00e9ger la sant\u00e9 et la s\u00e9curit\u00e9 de la personne handicap\u00e9e ou celle des autres personnes pr\u00e9sentes dans les locaux.<\/p>\n\n\n\n<h3 class=\"wp-block-heading has-praise-shadow-color has-text-color\">3.6&nbsp;Avis de perturbation temporaire<\/h3>\n\n\n\n<p class=\"has-grey-color has-text-color\">Actuellement, nous sommes en train d&rsquo;\u00e9tablir une proc\u00e9dure pour fournir un avis en cas de perturbation planifi\u00e9e ou inattendue des fonctionnalit\u00e9s d&rsquo;accessibilit\u00e9 disponibles sur notre site Web et nos applications mobiles. Les avis concernant des perturbations temporaires incluront des informations sur la raison de la perturbation, la dur\u00e9e pr\u00e9vue de la perturbation, ainsi que des renseignements sur toute installation ou service alternatif, si disponible. La notification sera effectu\u00e9e en affichant l&rsquo;information \u00e0 un endroit bien visible sur notre site Web ou applications mobiles, ou par une autre m\u00e9thode raisonnable en fonction des circonstances.<\/p>\n\n\n\n<h3 class=\"wp-block-heading has-praise-shadow-color has-text-color\">3.7&nbsp;La formation<\/h3>\n\n\n\n<p class=\"has-grey-color has-text-color\">Nous formerons tout notre personnel et les nouvelles recrues. Une formation sera \u00e9galement dispens\u00e9e en cas de modification de nos politiques, pratiques ou proc\u00e9dures.  <\/p>\n\n\n\n<p class=\"has-grey-color has-text-color\">La formation portera sur les sujets suivants&nbsp;:<\/p>\n\n\n\n<ul role=\"list\" class=\"wp-block-list has-grey-color has-text-color\">\n<li>Les objectifs de la Loi de 2005 sur l\u2019Accessibilit\u00e9 pour les Personnes Handicap\u00e9es de l\u2019Ontario et les exigences de la norme de service \u00e0 la client\u00e8le<\/li>\n\n\n\n<li>Comment interagir et communiquer avec les personnes ayant divers types de d\u00e9ficiences<\/li>\n\n\n\n<li>Comment interagir avec des personnes handicap\u00e9es qui utilisent une aide \u00e0 la mobilit\u00e9 ou qui ont besoin de l\u2019aide d\u2019un chien-guide, d\u2019un animal d\u2019assistance ou d\u2019une personne de soutien<\/li>\n\n\n\n<li>Comment utiliser ou acc\u00e9der aux \u00e9quipements ou dispositifs disponibles dans nos locaux ou ailleurs, susceptibles de faciliter la prestation de services aux personnes handicap\u00e9es<\/li>\n\n\n\n<li>Que faire si une personne ayant un type particulier de handicap \u00e9prouve des difficult\u00e9s \u00e0 acc\u00e9der \u00e0 nos services (site web et applications mobiles)<\/li>\n<\/ul>\n\n\n\n<h3 class=\"wp-block-heading has-praise-shadow-color has-text-color\">3.8&nbsp;Demandes de documents relatifs \u00e0 la conformit\u00e9 \u00e0 la Loi sur l&rsquo;accessibilit\u00e9 pour les personnes handicap\u00e9es de l&rsquo;Ontario<\/h3>\n\n\n\n<p class=\"has-grey-color has-text-color\">Lorsqu&rsquo;une demande concernant cette politique nous est adress\u00e9e par des personnes en situation de handicap, nous leur fournirons les informations dans un format adapt\u00e9 \u00e0 leur handicap.<\/p>\n\n\n\n<h3 class=\"wp-block-heading has-praise-shadow-color has-text-color\">3.9&nbsp;Processus de retour d&rsquo;information<\/h3>\n\n\n\n<p class=\"has-grey-color has-text-color\">Pour toute question concernant cette politique, veuillez nous contacter \u00e0 l&rsquo;adresse suivante&nbsp;: accessibility@league.com. Nous accueillons favorablement les suggestions de nos employ\u00e9s et de nos clients visant \u00e0 am\u00e9liorer cette politique et la mani\u00e8re dont nous fournissons des services aux personnes handicap\u00e9es.<\/p>\n\n\n\n<h2 class=\"wp-block-heading has-praise-shadow-color has-text-color\"><strong>4. Infractions<\/strong><\/h2>\n\n\n\n<p class=\"has-grey-color has-text-color\">Tout membre de notre personnel qui enfreindrait cette politique s&rsquo;expose \u00e0 des poursuites judiciaires, le cas \u00e9ch\u00e9ant, ainsi qu&rsquo;\u00e0 des mesures disciplinaires pouvant aller jusqu&rsquo;au licenciement et\/ou \u00e0 des poursuites p\u00e9nales.<\/p>\n\n\n\n<h2 class=\"wp-block-heading has-praise-shadow-color has-text-color\"><strong>5. R\u00e9vision et communication<\/strong><\/h2>\n\n\n\n<p class=\"has-grey-color has-text-color\">Cette politique ne sera r\u00e9vis\u00e9e qu&rsquo;en cas de changement(s) significatif(s); une version mise \u00e0 jour sera mise \u00e0 la disposition du public via notre site web et nos applications mobiles, ainsi qu&rsquo;en interne pour notre personnel.<\/p>\n<\/div>\n<\/div>\n<\/div><\/section>\n","protected":false},"excerpt":{"rendered":"","protected":false},"author":1,"featured_media":0,"parent":0,"menu_order":0,"comment_status":"closed","ping_status":"closed","template":"","meta":{"_acf_changed":false,"show_custom_date":false,"custom_date":"","manual_authors_enabled":false,"manual_authors":"","featured":false,"featured_image":0,"learn_more_label":"","image_alt_text":"","learn_more_type":"","learn_more_link":[],"show_popup":false,"learn_more_link_file":0,"event_date":false,"event_start_date":"","event_end_date":"","footnotes":""},"class_list":["post-25405","page","type-page","status-publish","hentry"],"acf":[],"yoast_head":"<!-- This site is optimized with the Yoast SEO plugin v27.3 - https:\/\/yoast.com\/product\/yoast-seo-wordpress\/ -->\n<title>Politique d\u2019accessibilit\u00e9 | League<\/title>\n<meta name=\"robots\" content=\"noindex, nofollow\" \/>\n<meta property=\"og:locale\" content=\"fr_CA\" \/>\n<meta property=\"og:type\" content=\"article\" \/>\n<meta property=\"og:title\" content=\"Politique d\u2019accessibilit\u00e9 | League\" \/>\n<meta property=\"og:url\" content=\"https:\/\/league.com\/fr\/politique-daccessibilite\/\" \/>\n<meta property=\"og:site_name\" content=\"League\" \/>\n<meta property=\"article:publisher\" content=\"https:\/\/www.facebook.com\/leagueinc\/\" \/>\n<meta property=\"article:modified_time\" content=\"2026-04-11T23:32:25+00:00\" \/>\n<meta name=\"twitter:card\" content=\"summary_large_image\" \/>\n<meta name=\"twitter:site\" content=\"@joinleague\" \/>\n<meta name=\"twitter:label1\" content=\"Estimation du temps de lecture\" \/>\n\t<meta name=\"twitter:data1\" content=\"5 minutes\" \/>\n<script type=\"application\/ld+json\" class=\"yoast-schema-graph\">{\"@context\":\"https:\\\/\\\/schema.org\",\"@graph\":[{\"@type\":\"WebPage\",\"@id\":\"https:\\\/\\\/league.com\\\/fr\\\/politique-daccessibilite\\\/\",\"url\":\"https:\\\/\\\/league.com\\\/fr\\\/politique-daccessibilite\\\/\",\"name\":\"Politique d\u2019accessibilit\u00e9 | League\",\"isPartOf\":{\"@id\":\"https:\\\/\\\/league.com\\\/fr\\\/#website\"},\"datePublished\":\"2022-06-29T19:11:51+00:00\",\"dateModified\":\"2026-04-11T23:32:25+00:00\",\"breadcrumb\":{\"@id\":\"https:\\\/\\\/league.com\\\/fr\\\/politique-daccessibilite\\\/#breadcrumb\"},\"inLanguage\":\"fr-CA\",\"potentialAction\":[{\"@type\":\"ReadAction\",\"target\":[\"https:\\\/\\\/league.com\\\/fr\\\/politique-daccessibilite\\\/\"]}]},{\"@type\":\"BreadcrumbList\",\"@id\":\"https:\\\/\\\/league.com\\\/fr\\\/politique-daccessibilite\\\/#breadcrumb\",\"itemListElement\":[{\"@type\":\"ListItem\",\"position\":1,\"name\":\"League\",\"item\":\"https:\\\/\\\/league.com\\\/fr\\\/\"},{\"@type\":\"ListItem\",\"position\":2,\"name\":\"Politique d\u2019accessibilit\u00e9\"}]},{\"@type\":\"WebSite\",\"@id\":\"https:\\\/\\\/league.com\\\/fr\\\/#website\",\"url\":\"https:\\\/\\\/league.com\\\/fr\\\/\",\"name\":\"League\",\"description\":\"Powering next-gen digital transformation in healthcare\",\"publisher\":{\"@id\":\"https:\\\/\\\/league.com\\\/fr\\\/#organization\"},\"potentialAction\":[{\"@type\":\"SearchAction\",\"target\":{\"@type\":\"EntryPoint\",\"urlTemplate\":\"https:\\\/\\\/league.com\\\/fr\\\/?s={search_term_string}\"},\"query-input\":{\"@type\":\"PropertyValueSpecification\",\"valueRequired\":true,\"valueName\":\"search_term_string\"}}],\"inLanguage\":\"fr-CA\"},{\"@type\":\"Organization\",\"@id\":\"https:\\\/\\\/league.com\\\/fr\\\/#organization\",\"name\":\"League\",\"url\":\"https:\\\/\\\/league.com\\\/fr\\\/\",\"logo\":{\"@type\":\"ImageObject\",\"inLanguage\":\"fr-CA\",\"@id\":\"https:\\\/\\\/league.com\\\/fr\\\/#\\\/schema\\\/logo\\\/image\\\/\",\"url\":\"https:\\\/\\\/e3r429ujnza.exactdn.com\\\/wp-content\\\/uploads\\\/2022\\\/06\\\/league-logo.svg\",\"contentUrl\":\"https:\\\/\\\/e3r429ujnza.exactdn.com\\\/wp-content\\\/uploads\\\/2022\\\/06\\\/league-logo.svg\",\"width\":171,\"height\":50,\"caption\":\"League\"},\"image\":{\"@id\":\"https:\\\/\\\/league.com\\\/fr\\\/#\\\/schema\\\/logo\\\/image\\\/\"},\"sameAs\":[\"https:\\\/\\\/www.facebook.com\\\/leagueinc\\\/\",\"https:\\\/\\\/x.com\\\/joinleague\",\"https:\\\/\\\/www.instagram.com\\\/joinleague\\\/\",\"https:\\\/\\\/www.linkedin.com\\\/company\\\/league-inc-\\\/\",\"https:\\\/\\\/app.league.com\\\/\"],\"description\":\"Founded in 2014, League is the leading healthcare consumer experience (CX) platform, powered by artificial intelligence (AI), reaching more than 63 million people around the world and delivering the highest level of personalization in the industry. Payers, providers, and healthcare innovators build on League\u2019s platform to deliver high-engagement healthcare solutions proven to improve health outcomes.\",\"email\":\"toronto@league.com\",\"telephone\":\"1-437-222-5555\",\"address\":{\"@type\":\"PostalAddress\",\"streetAddress\":\"225 King Street West\",\"addressLocality\":\"Toronto\",\"addressCountry\":\"CA\",\"addressRegion\":\"Ontario\",\"postalCode\":\"M5V 3M2\"},\"founder\":\"Michael Serbinis\",\"keywords\":[\"healthcare cx platform\",\"digital healthcare platform\",\"digital health platform\",\"AI in digital healthcare\",\"AI healthcare platform\",\"AI adoption in healthcare\"]}]}<\/script>\n<!-- \/ Yoast SEO plugin. -->","yoast_head_json":{"title":"Politique d\u2019accessibilit\u00e9 | League","robots":{"index":"noindex","follow":"nofollow"},"og_locale":"fr_CA","og_type":"article","og_title":"Politique d\u2019accessibilit\u00e9 | League","og_url":"https:\/\/league.com\/fr\/politique-daccessibilite\/","og_site_name":"League","article_publisher":"https:\/\/www.facebook.com\/leagueinc\/","article_modified_time":"2026-04-11T23:32:25+00:00","twitter_card":"summary_large_image","twitter_site":"@joinleague","twitter_misc":{"Estimation du temps de lecture":"5 minutes"},"schema":{"@context":"https:\/\/schema.org","@graph":[{"@type":"WebPage","@id":"https:\/\/league.com\/fr\/politique-daccessibilite\/","url":"https:\/\/league.com\/fr\/politique-daccessibilite\/","name":"Politique d\u2019accessibilit\u00e9 | League","isPartOf":{"@id":"https:\/\/league.com\/fr\/#website"},"datePublished":"2022-06-29T19:11:51+00:00","dateModified":"2026-04-11T23:32:25+00:00","breadcrumb":{"@id":"https:\/\/league.com\/fr\/politique-daccessibilite\/#breadcrumb"},"inLanguage":"fr-CA","potentialAction":[{"@type":"ReadAction","target":["https:\/\/league.com\/fr\/politique-daccessibilite\/"]}]},{"@type":"BreadcrumbList","@id":"https:\/\/league.com\/fr\/politique-daccessibilite\/#breadcrumb","itemListElement":[{"@type":"ListItem","position":1,"name":"League","item":"https:\/\/league.com\/fr\/"},{"@type":"ListItem","position":2,"name":"Politique d\u2019accessibilit\u00e9"}]},{"@type":"WebSite","@id":"https:\/\/league.com\/fr\/#website","url":"https:\/\/league.com\/fr\/","name":"League","description":"Powering next-gen digital transformation in healthcare","publisher":{"@id":"https:\/\/league.com\/fr\/#organization"},"potentialAction":[{"@type":"SearchAction","target":{"@type":"EntryPoint","urlTemplate":"https:\/\/league.com\/fr\/?s={search_term_string}"},"query-input":{"@type":"PropertyValueSpecification","valueRequired":true,"valueName":"search_term_string"}}],"inLanguage":"fr-CA"},{"@type":"Organization","@id":"https:\/\/league.com\/fr\/#organization","name":"League","url":"https:\/\/league.com\/fr\/","logo":{"@type":"ImageObject","inLanguage":"fr-CA","@id":"https:\/\/league.com\/fr\/#\/schema\/logo\/image\/","url":"https:\/\/e3r429ujnza.exactdn.com\/wp-content\/uploads\/2022\/06\/league-logo.svg","contentUrl":"https:\/\/e3r429ujnza.exactdn.com\/wp-content\/uploads\/2022\/06\/league-logo.svg","width":171,"height":50,"caption":"League"},"image":{"@id":"https:\/\/league.com\/fr\/#\/schema\/logo\/image\/"},"sameAs":["https:\/\/www.facebook.com\/leagueinc\/","https:\/\/x.com\/joinleague","https:\/\/www.instagram.com\/joinleague\/","https:\/\/www.linkedin.com\/company\/league-inc-\/","https:\/\/app.league.com\/"],"description":"Founded in 2014, League is the leading healthcare consumer experience (CX) platform, powered by artificial intelligence (AI), reaching more than 63 million people around the world and delivering the highest level of personalization in the industry. Payers, providers, and healthcare innovators build on League\u2019s platform to deliver high-engagement healthcare solutions proven to improve health outcomes.","email":"toronto@league.com","telephone":"1-437-222-5555","address":{"@type":"PostalAddress","streetAddress":"225 King Street West","addressLocality":"Toronto","addressCountry":"CA","addressRegion":"Ontario","postalCode":"M5V 3M2"},"founder":"Michael Serbinis","keywords":["healthcare cx platform","digital healthcare platform","digital health platform","AI in digital healthcare","AI healthcare platform","AI adoption in healthcare"]}]}},"_links":{"self":[{"href":"https:\/\/league.com\/fr\/wp-json\/wp\/v2\/pages\/25405","targetHints":{"allow":["GET"]}}],"collection":[{"href":"https:\/\/league.com\/fr\/wp-json\/wp\/v2\/pages"}],"about":[{"href":"https:\/\/league.com\/fr\/wp-json\/wp\/v2\/types\/page"}],"author":[{"embeddable":true,"href":"https:\/\/league.com\/fr\/wp-json\/wp\/v2\/users\/1"}],"replies":[{"embeddable":true,"href":"https:\/\/league.com\/fr\/wp-json\/wp\/v2\/comments?post=25405"}],"version-history":[{"count":3,"href":"https:\/\/league.com\/fr\/wp-json\/wp\/v2\/pages\/25405\/revisions"}],"predecessor-version":[{"id":25409,"href":"https:\/\/league.com\/fr\/wp-json\/wp\/v2\/pages\/25405\/revisions\/25409"}],"wp:attachment":[{"href":"https:\/\/league.com\/fr\/wp-json\/wp\/v2\/media?parent=25405"}],"curies":[{"name":"wp","href":"https:\/\/api.w.org\/{rel}","templated":true}]}}