{"id":25402,"date":"2022-06-29T14:12:15","date_gmt":"2022-06-29T19:12:15","guid":{"rendered":"https:\/\/league.com\/plan-du-site\/"},"modified":"2026-04-11T18:24:25","modified_gmt":"2026-04-11T23:24:25","slug":"plan-du-site","status":"publish","type":"page","link":"https:\/\/league.com\/fr\/plan-du-site\/","title":{"rendered":"Plan du site"},"content":{"rendered":"\n<section class=\"wp-block-e25m-section bs-section bs-section-b79e6a643e98135314273195d4443455ee56decc bs-section---default bs-section--privacy-banner\"><style>.bs-section.bs-section-b79e6a643e98135314273195d4443455ee56decc{ background-color: #dbeaeb;} <\/style><div class=\"container\">\n<div class=\"wp-block-e25m-row bs-row row  bs-row---default\">\n<div class=\" bs-column col-sm-12   bs-column-5f6574ebb29ac8d58ab608d2aff5b1bbe4f96332 bs-column---default     \">\n<h1 class=\"wp-block-heading has-text-align-center has-praise-shadow-color has-text-color\">Plan du site<\/h1>\n<\/div>\n<\/div>\n<\/div><\/section>\n\n<section class=\"wp-block-e25m-section bs-section bs-section-921da398d67f34a47b3f5ccb60a11bec56e42e55 bs-section---default bs-section--privacy-content bs-section--sitemap-content\"><div class=\"container\">\n<div class=\"wp-block-e25m-row bs-row row justify-content-center  bs-row---default\">\n<div class=\" bs-column col-sm-12 col-lg-10   bs-column-f3832d3c103d486a365afbe8b2e81b54b252af5a bs-column---default     \"><div class=\"wsp-container\"><h2 class=\"wsp-pages-title\">Pages<\/h2>\n<ul class=\"wsp-pages-list\">\n<li class=\"page_item page-item-23795\"><a href=\"https:\/\/league.com\/fr\/a-propos\/\">\u00c0 propos<\/a><\/li>\n<li class=\"page_item page-item-24577\"><a href=\"https:\/\/league.com\/fr\/\">Accueil &#8211; Prise de contr\u00f4le de l&rsquo;IA<\/a><\/li>\n<li class=\"page_item page-item-23145\"><a href=\"https:\/\/league.com\/fr\/apercu-de-la-plateforme\/\">Aper\u00e7u de la plateforme<\/a><\/li>\n<li class=\"page_item page-item-23733\"><a href=\"https:\/\/league.com\/fr\/carrieres\/\">Carri\u00e8res<\/a><\/li>\n<li class=\"page_item page-item-23924 page_item_has_children\"><a href=\"https:\/\/league.com\/fr\/cas-dutilisation\/\">Cas d&rsquo;utilisation<\/a>\n<ul class='children'>\n\t<li class=\"page_item page-item-23915\"><a href=\"https:\/\/league.com\/fr\/cas-dutilisation\/classement-par-etoiles\/\">Classement par \u00e9toiles<\/a><\/li>\n\t<li class=\"page_item page-item-23812\"><a href=\"https:\/\/league.com\/fr\/defense-des-soins\/\">D\u00e9fense des soins<\/a><\/li>\n\t<li class=\"page_item page-item-23765\"><a href=\"https:\/\/league.com\/fr\/equite-en-sante\/\">\u00c9quit\u00e9 en sant\u00e9<\/a><\/li>\n\t<li class=\"page_item page-item-23787\"><a href=\"https:\/\/league.com\/fr\/gestion-des-conditions\/\">Gestion des conditions<\/a><\/li>\n\t<li class=\"page_item page-item-23699\"><a href=\"https:\/\/league.com\/fr\/libre-service\/\">Libre-service<\/a><\/li>\n\t<li class=\"page_item page-item-23740\"><a href=\"https:\/\/league.com\/fr\/prevention\/\">Pr\u00e9vention<\/a><\/li>\n<\/ul>\n<\/li>\n<li class=\"page_item page-item-25158 page_item_has_children\"><a href=\"https:\/\/league.com\/fr\/centre-de-ressources\/\">Centre de ressources<\/a>\n<ul class='children'>\n\t<li class=\"page_item page-item-25188\"><a href=\"https:\/\/league.com\/fr\/centre-de-ressources\/blog\/\">Blog<\/a><\/li>\n<\/ul>\n<\/li>\n<li class=\"page_item page-item-23115\"><a href=\"https:\/\/league.com\/fr\/commencez\/\">Commencez<\/a><\/li>\n<li class=\"page_item page-item-23698\"><a href=\"https:\/\/league.com\/fr\/contact\/\">Contact<\/a><\/li>\n<li class=\"page_item page-item-22980\"><a href=\"https:\/\/league.com\/fr\/demander-un-devis\/\">Demander un devis<\/a><\/li>\n<li class=\"page_item page-item-23297\"><a href=\"https:\/\/league.com\/fr\/demo-autoguidee\/\">D\u00e9mo autoguid\u00e9e<\/a><\/li>\n<li class=\"page_item page-item-23116\"><a href=\"https:\/\/league.com\/fr\/equipes-dagents\/\">\u00c9quipes d&rsquo;agents<\/a><\/li>\n<li class=\"page_item page-item-23414\"><a href=\"https:\/\/league.com\/fr\/equipes-dagents-2\/\">\u00c9quipes d&rsquo;agents<\/a><\/li>\n<li class=\"page_item page-item-23913\"><a href=\"https:\/\/league.com\/fr\/etude-de-cas\/\">\u00c9tude de cas<\/a><\/li>\n<li class=\"page_item page-item-23988\"><a href=\"https:\/\/league.com\/fr\/fournisseurs\/\">Fournisseurs<\/a><\/li>\n<li class=\"page_item page-item-23377\"><a href=\"https:\/\/league.com\/fr\/leadership-en-matiere-dia\/\">Leadership en mati\u00e8re d&rsquo;IA<\/a><\/li>\n<li class=\"page_item page-item-23298\"><a href=\"https:\/\/league.com\/fr\/partenaires\/\">Partenaires<\/a><\/li>\n<li class=\"page_item page-item-23646\"><a href=\"https:\/\/league.com\/fr\/payeurs\/\">Payeurs<\/a><\/li>\n<li class=\"page_item page-item-25402\"><a href=\"https:\/\/league.com\/fr\/plan-du-site\/\">Plan du site<\/a><\/li>\n<li class=\"page_item page-item-25396\"><a href=\"https:\/\/league.com\/fr\/plan-pluriannuel-daccessibilite\/\">Plan pluriannuel d\u2019accessibilit\u00e9<\/a><\/li>\n<li class=\"page_item page-item-20717\"><a href=\"https:\/\/league.com\/fr\/politique-de-confidentialite\/\">Platform Privacy Policy FR<\/a><\/li>\n<li class=\"page_item page-item-25405\"><a href=\"https:\/\/league.com\/fr\/politique-daccessibilite\/\">Politique d\u2019accessibilit\u00e9<\/a><\/li>\n<li class=\"page_item page-item-9039\"><a href=\"https:\/\/league.com\/fr\/politique-de-confidentialite-du-site-web\/\">Privacy Policy FR<\/a><\/li>\n<li class=\"page_item page-item-23275 page_item_has_children\"><a href=\"https:\/\/league.com\/fr\/programme-de-developpeurs\/\">Programme de d\u00e9veloppeurs<\/a>\n<ul class='children'>\n\t<li class=\"page_item page-item-22982\"><a href=\"https:\/\/league.com\/fr\/programme-developpeur-rejoindre\/\">Programme d\u00e9veloppeur &#8211; Rejoindre<\/a><\/li>\n<\/ul>\n<\/li>\n<li class=\"page_item page-item-23771\"><a href=\"https:\/\/league.com\/fr\/salle-de-presse\/\">Salle de presse<\/a><\/li>\n<li class=\"page_item page-item-23953\"><a href=\"https:\/\/league.com\/fr\/sante-des-consommateurs\/\">Sant\u00e9 des consommateurs<\/a><\/li>\n<li class=\"page_item page-item-23925\"><a href=\"https:\/\/league.com\/fr\/secteurs-dactivite\/\">Secteurs d&rsquo;activit\u00e9<\/a><\/li>\n<li class=\"page_item page-item-22985\"><a href=\"https:\/\/league.com\/fr\/solutions\/\">Solutions<\/a><\/li>\n<li class=\"page_item page-item-25399\"><a href=\"https:\/\/league.com\/fr\/utilisation-de-lia-chez-league\/\">Utilisation de l&rsquo;IA chez League<\/a><\/li>\n<li class=\"page_item page-item-23146\"><a href=\"https:\/\/league.com\/fr\/versions-de-la-plateforme\/\">Versions de la plateforme<\/a><\/li>\n<\/ul>\n<h2 class=\"wsp-newsrooms-title\">Articles de la salle de presse<\/h2>\n<ul class=\"wsp-newsrooms-list\">\n<li><a href=\"https:\/\/league.com\/fr\/newsroom\/version-printemps-2026-de-league-la-nouvelle-frontiere-de-la-navigation-de-soins-orchestree-par-lia-et-de-la-reduction-des-ecarts-de-soins-2\/\">League reconnue comme un leader dans le rapport sur les plateformes d'exp\u00e9rience client pour les soins de sant\u00e9 par un cabinet de recherche ind\u00e9pendant<\/a><\/li>\n<li><a href=\"https:\/\/league.com\/fr\/newsroom\/version-printemps-2026-de-league-la-nouvelle-frontiere-de-la-navigation-de-soins-orchestree-par-lia-et-de-la-reduction-des-ecarts-de-soins\/\">Version printemps&nbsp;2026 de League&nbsp;: La nouvelle fronti\u00e8re de la navigation de soins orchestr\u00e9e par l'IA et de la r\u00e9duction des \u00e9carts de soins<\/a><\/li>\n<li><a href=\"https:\/\/league.com\/fr\/newsroom\/la-premiere-directrice-de-lia-au-monde-et-des-experts-en-performance-monteront-sur-scene-pour-league-connect\/\">La premi\u00e8re directrice de l\u2019IA au monde et des experts en performance monteront sur sc\u00e8ne pour League Connect<\/a><\/li>\n<li><a href=\"https:\/\/league.com\/fr\/newsroom\/des-veterans-de-healthtech-rejoignent-league-alors-que-lentreprise-vise-100-millions-dutilisateurs\/\">Des v\u00e9t\u00e9rans de HealthTech rejoignent League alors que l'entreprise vise 100 millions d'utilisateurs<\/a><\/li>\n<li><a href=\"https:\/\/league.com\/fr\/newsroom\/league-a-accueilli-le-lancement-de-linvestissement-record-de-129-millions-de-dollars-de-scale-ai-visant-a-stimuler-linnovation-en-intelligence-artificielle-au-canada\/\">League a accueilli le lancement de l\u2019investissement record de 129&nbsp;millions de dollars de SCALE AI visant \u00e0 stimuler l\u2019innovation en intelligence artificielle au Canada<\/a><\/li>\n<li><a href=\"https:\/\/league.com\/fr\/newsroom\/le-rapport-de-reference-2026-revele-que-les-regimes-dassurance-maladie-ont-du-mal-a-mesurer-efficacement-le-retour-sur-investissement-rci-de-lexperience-client\/\">Le rapport de r\u00e9f\u00e9rence&nbsp;2026 r\u00e9v\u00e8le que les r\u00e9gimes d'assurance maladie ont du mal \u00e0 mesurer efficacement le retour sur investissement (RCI) de l\u2019exp\u00e9rience client<\/a><\/li>\n<li><a href=\"https:\/\/league.com\/fr\/newsroom\/league-figure-au-classement-deloitte-technology-fast-500-pour-la-sixieme-annee-consecutive\/\">League figure au classement Deloitte Technology Fast&nbsp;500\u2122 pour la sixi\u00e8me ann\u00e9e cons\u00e9cutive<\/a><\/li>\n<li><a href=\"https:\/\/league.com\/fr\/newsroom\/la-version-automne-2025-de-league-devoile-les-equipes-dagents-league-pour-offrir-des-soins-de-sante-hyperpersonnalises-24h-24-et-7j-7\/\">La version automne&nbsp;2025 de League d\u00e9voile les \u00e9quipes d'agents League\u2122 pour offrir des soins de sant\u00e9 hyperpersonnalis\u00e9s 24h\/24 et 7j\/7<\/a><\/li>\n<li><a href=\"https:\/\/league.com\/fr\/newsroom\/league-sassocie-a-caresource-pour-transformer-lexperience-numerique-des-membres\/\">League s'associe \u00e0 CareSource pour transformer l'exp\u00e9rience num\u00e9rique des membres<\/a><\/li>\n<li><a href=\"https:\/\/league.com\/fr\/newsroom\/quest-diagnostics-et-league-sassocient-pour-proposer-des-solutions-de-sante-aux-employeurs\/\">Quest Diagnostics et League s\u2019associent pour proposer des solutions de sant\u00e9 aux employeurs<\/a><\/li>\n<li><a href=\"https:\/\/league.com\/fr\/newsroom\/league-et-amwell-collaborent-pour-ameliorer-lexperience-des-membres-grace-aux-soins-numeriques\/\">League et Amwell collaborent pour am\u00e9liorer l\u2019exp\u00e9rience des membres gr\u00e2ce aux soins num\u00e9riques<\/a><\/li>\n<li><a href=\"https:\/\/league.com\/fr\/newsroom\/league-annonce-lelargissement-de-son-conseil-consultatif-avec-cinq-nouveaux-dirigeants-du-secteur-de-la-sante\/\">League annonce l'\u00e9largissement de son conseil consultatif avec cinq nouveaux dirigeants du secteur de la sant\u00e9<\/a><\/li>\n<li><a href=\"https:\/\/league.com\/fr\/newsroom\/league-nommee-lune-des-entreprises-canadiennes-qui-croissent-le-plus-rapidement\/\">League nomm\u00e9e l'une des entreprises canadiennes qui croissent le plus rapidement<\/a><\/li>\n<li><a href=\"https:\/\/league.com\/fr\/newsroom\/telus-et-league-sassocient-pour-soutenir-linnovation-en-matiere-de-soins-de-sante-au-canada-grace-a-une-ia-souveraine\/\">TELUS et League s'associent pour soutenir l'innovation en mati\u00e8re de soins de sant\u00e9 au Canada gr\u00e2ce \u00e0 une IA souveraine<\/a><\/li>\n<li><a href=\"https:\/\/league.com\/fr\/newsroom\/league-se-joint-au-reseau-de-partenaires-aws-pour-offrir-des-experiences-de-soins-de-sante-de-nouvelle-generation\/\">League se joint au r\u00e9seau de partenaires AWS pour offrir des exp\u00e9riences de soins de sant\u00e9 de nouvelle g\u00e9n\u00e9ration<\/a><\/li>\n<li><a href=\"https:\/\/league.com\/fr\/newsroom\/league-depasse-les-63-millions-dutilisateurs-sous-contrat-soit-une-augmentation-de-166-en-glissement-annuel-portee-par-la-strategie-ia-first-pour-ameliorer-les-resultats-des-soins-de-sa\/\">League d\u00e9passe les 63&nbsp;millions d'utilisateurs sous contrat, soit une augmentation de 166&nbsp;% en glissement annuel, port\u00e9e par la strat\u00e9gie IA First pour am\u00e9liorer les r\u00e9sultats des soins de sant\u00e9<\/a><\/li>\n<li><a href=\"https:\/\/league.com\/fr\/newsroom\/la-collaboration-entre-league-et-linus-health-elargit-lacces-aux-evaluations-de-la-sante-cerebrale-basees-sur-lia\/\">La collaboration entre League et Linus Health \u00e9largit l'acc\u00e8s aux \u00e9valuations de la sant\u00e9 c\u00e9r\u00e9brale bas\u00e9es sur l'IA<\/a><\/li>\n<li><a href=\"https:\/\/league.com\/fr\/newsroom\/league-reconnue-dans-quatre-rapports-gartner-hype-cycle-pour-2025\/\">League reconnue dans quatre rapports Gartner\u00ae Hype Cycle\u2122 pour 2025<\/a><\/li>\n<li><a href=\"https:\/\/league.com\/fr\/newsroom\/ovatient-choisit-league-pour-mettre-en-place-une-nouvelle-experience-omnicanale-dengagement-des-patients\/\">Ovatient choisit League pour mettre en place une nouvelle exp\u00e9rience omnicanale d'engagement des patients<\/a><\/li>\n<li><a href=\"https:\/\/league.com\/fr\/newsroom\/league-devoile-de-nouvelles-capacites-alimentees-par-lia-pour-permettre-la-navigation-dans-les-soins-et-lengagement-en-matiere-de-sante\/\">League d\u00e9voile de nouvelles capacit\u00e9s aliment\u00e9es par l'IA pour permettre la navigation dans les soins et l'engagement en mati\u00e8re de sant\u00e9<\/a><\/li>\n<li><a href=\"https:\/\/league.com\/fr\/newsroom\/arcadia-sassocie-a-league-pour-favoriser-lengagement-en-sante-grace-a-lia-et-aux-donnees-longitudinales\/\">Arcadia s'associe \u00e0 League pour favoriser l'engagement en sant\u00e9 gr\u00e2ce \u00e0 l'IA et aux donn\u00e9es longitudinales<\/a><\/li>\n<li><a href=\"https:\/\/league.com\/fr\/newsroom\/morningside-et-league-concluent-une-alliance-strategique-pour-accelerer-la-transformation-du-cx-dans-le-domaine-de-la-sante\/\">Morningside et League concluent une alliance strat\u00e9gique pour acc\u00e9l\u00e9rer la transformation du CX dans le domaine de la sant\u00e9<\/a><\/li>\n<li><a href=\"https:\/\/league.com\/fr\/newsroom\/scan-choisit-league-pour-offrir-a-ses-membres-une-experience-mobile-de-premier-plan\/\">SCAN choisit League pour offrir \u00e0 ses membres une exp\u00e9rience mobile de premier plan<\/a><\/li>\n<li><a href=\"https:\/\/league.com\/fr\/newsroom\/le-santa-clara-family-health-plan-choisit-league-pour-alimenter-son-nouveau-portail-dadhesion\/\">Le Santa Clara Family Health Plan choisit League pour alimenter son nouveau portail d'adh\u00e9sion<\/a><\/li>\n<li><a href=\"https:\/\/league.com\/fr\/newsroom\/la-plateforme-sante-cx-de-league-obtient-les-accreditations-du-ncqa\/\">La plateforme sant\u00e9 CX de League obtient les accr\u00e9ditations du NCQA<\/a><\/li>\n<li><a href=\"https:\/\/league.com\/fr\/newsroom\/league-franchit-le-cap-des-40-millions-dutilisateurs-sous-contrat-enregistre-une-croissance-de-160-en-glissement-annuel-et-conclut-un-accord-de-financement-de-100-millions-de-dollar\/\">League franchit le cap des 40&nbsp;millions d'utilisateurs sous contrat, enregistre une croissance de 160&nbsp;% en glissement annuel et conclut un accord de financement de 100&nbsp;millions de dollars US avec RBCx<\/a><\/li>\n<li><a href=\"https:\/\/league.com\/fr\/newsroom\/league-figure-dans-la-liste-insurtech100-2024-des-entreprises-qui-transforment-le-secteur-de-lassurance\/\">League figure dans la liste InsurTech100&nbsp;2024 des entreprises qui transforment le secteur de l'assurance<\/a><\/li>\n<li><a href=\"https:\/\/league.com\/fr\/newsroom\/league-reconnu-dans-le-rapport-dun-cabinet-danalystes-pour-les-plateformes-cx-dans-le-domaine-de-la-sante\/\">League reconnu dans le rapport d'un cabinet d'analystes pour les plateformes CX dans le domaine de la sant\u00e9<\/a><\/li>\n<li><a href=\"https:\/\/league.com\/fr\/newsroom\/league-et-healthsparq-simplifient-lexperience-des-membres-des-regimes-dassurance-maladie\/\">League et HealthSparq simplifient l'exp\u00e9rience des membres des r\u00e9gimes d'assurance maladie<\/a><\/li>\n<li><a href=\"https:\/\/league.com\/fr\/newsroom\/league-annonce-un-financement-de-serie-c-de-95-millions-de-dollars\/\">League annonce un financement de s\u00e9rie&nbsp;C de 95&nbsp;millions de dollars<\/a><\/li>\n<li><a href=\"https:\/\/league.com\/fr\/newsroom\/des-dirigeants-danthem-workday-et-aon-rejoignent-le-conseil-consultatif-de-league\/\">Des dirigeants d\u2019Anthem, Workday et Aon rejoignent le conseil consultatif de League<\/a><\/li>\n<li><a href=\"https:\/\/league.com\/fr\/newsroom\/les-chefs-de-file-du-secteur-de-la-sante-daon-et-de-pharmaprix-se-joignent-a-league\/\">Les chefs de file du secteur de la sant\u00e9 d\u2019Aon et de Pharmaprix se joignent \u00e0 League<\/a><\/li>\n<li><a href=\"https:\/\/league.com\/fr\/newsroom\/league-nommee-au-palmares-fintech100-de-kpmg-pour-la-troisieme-annee-consecutive\/\">League nomm\u00e9e au palmar\u00e8s Fintech100 de KPMG pour la troisi\u00e8me ann\u00e9e cons\u00e9cutive<\/a><\/li>\n<\/ul>\n<\/div>\n<\/div>\n<\/div>\n<\/div><\/section>\n","protected":false},"excerpt":{"rendered":"","protected":false},"author":1,"featured_media":0,"parent":0,"menu_order":0,"comment_status":"closed","ping_status":"closed","template":"","meta":{"_acf_changed":false,"show_custom_date":false,"custom_date":"","manual_authors_enabled":false,"manual_authors":"","featured":false,"featured_image":0,"learn_more_label":"","image_alt_text":"","learn_more_type":"","learn_more_link":[],"show_popup":false,"learn_more_link_file":0,"event_date":false,"event_start_date":"","event_end_date":"","footnotes":""},"class_list":["post-25402","page","type-page","status-publish","hentry"],"acf":[],"yoast_head":"<!-- This site is optimized with the Yoast SEO plugin v27.3 - https:\/\/yoast.com\/product\/yoast-seo-wordpress\/ -->\n<title>Plan du site | League<\/title>\n<meta name=\"description\" content=\"Le plan du site league.com regroupe toutes les pages de ressources importantes du site web en une seule page pour un acc\u00e8s facile.\" \/>\n<meta name=\"robots\" content=\"index, follow, max-snippet:-1, max-image-preview:large, max-video-preview:-1\" \/>\n<link rel=\"canonical\" href=\"https:\/\/league.com\/fr\/plan-du-site\/\" \/>\n<meta property=\"og:locale\" content=\"fr_CA\" \/>\n<meta property=\"og:type\" content=\"article\" \/>\n<meta property=\"og:title\" content=\"Plan du site | League\" \/>\n<meta property=\"og:description\" content=\"Le plan du site league.com regroupe toutes les pages de ressources importantes du site web en une seule page pour un acc\u00e8s facile.\" \/>\n<meta property=\"og:url\" content=\"https:\/\/league.com\/fr\/plan-du-site\/\" \/>\n<meta property=\"og:site_name\" content=\"League\" \/>\n<meta property=\"article:publisher\" content=\"https:\/\/www.facebook.com\/leagueinc\/\" \/>\n<meta property=\"article:modified_time\" content=\"2026-04-11T23:24:25+00:00\" \/>\n<meta name=\"twitter:card\" content=\"summary_large_image\" \/>\n<meta name=\"twitter:site\" content=\"@joinleague\" \/>\n<script type=\"application\/ld+json\" class=\"yoast-schema-graph\">{\"@context\":\"https:\\\/\\\/schema.org\",\"@graph\":[{\"@type\":\"WebPage\",\"@id\":\"https:\\\/\\\/league.com\\\/fr\\\/plan-du-site\\\/\",\"url\":\"https:\\\/\\\/league.com\\\/fr\\\/plan-du-site\\\/\",\"name\":\"Plan du site | League\",\"isPartOf\":{\"@id\":\"https:\\\/\\\/league.com\\\/fr\\\/#website\"},\"datePublished\":\"2022-06-29T19:12:15+00:00\",\"dateModified\":\"2026-04-11T23:24:25+00:00\",\"description\":\"Le plan du site league.com regroupe toutes les pages de ressources importantes du site web en une seule page pour un acc\u00e8s facile.\",\"breadcrumb\":{\"@id\":\"https:\\\/\\\/league.com\\\/fr\\\/plan-du-site\\\/#breadcrumb\"},\"inLanguage\":\"fr-CA\",\"potentialAction\":[{\"@type\":\"ReadAction\",\"target\":[\"https:\\\/\\\/league.com\\\/fr\\\/plan-du-site\\\/\"]}]},{\"@type\":\"BreadcrumbList\",\"@id\":\"https:\\\/\\\/league.com\\\/fr\\\/plan-du-site\\\/#breadcrumb\",\"itemListElement\":[{\"@type\":\"ListItem\",\"position\":1,\"name\":\"League\",\"item\":\"https:\\\/\\\/league.com\\\/fr\\\/\"},{\"@type\":\"ListItem\",\"position\":2,\"name\":\"Plan du site\"}]},{\"@type\":\"WebSite\",\"@id\":\"https:\\\/\\\/league.com\\\/fr\\\/#website\",\"url\":\"https:\\\/\\\/league.com\\\/fr\\\/\",\"name\":\"League\",\"description\":\"Powering next-gen digital transformation in healthcare\",\"publisher\":{\"@id\":\"https:\\\/\\\/league.com\\\/fr\\\/#organization\"},\"potentialAction\":[{\"@type\":\"SearchAction\",\"target\":{\"@type\":\"EntryPoint\",\"urlTemplate\":\"https:\\\/\\\/league.com\\\/fr\\\/?s={search_term_string}\"},\"query-input\":{\"@type\":\"PropertyValueSpecification\",\"valueRequired\":true,\"valueName\":\"search_term_string\"}}],\"inLanguage\":\"fr-CA\"},{\"@type\":\"Organization\",\"@id\":\"https:\\\/\\\/league.com\\\/fr\\\/#organization\",\"name\":\"League\",\"url\":\"https:\\\/\\\/league.com\\\/fr\\\/\",\"logo\":{\"@type\":\"ImageObject\",\"inLanguage\":\"fr-CA\",\"@id\":\"https:\\\/\\\/league.com\\\/fr\\\/#\\\/schema\\\/logo\\\/image\\\/\",\"url\":\"https:\\\/\\\/e3r429ujnza.exactdn.com\\\/wp-content\\\/uploads\\\/2022\\\/06\\\/league-logo.svg\",\"contentUrl\":\"https:\\\/\\\/e3r429ujnza.exactdn.com\\\/wp-content\\\/uploads\\\/2022\\\/06\\\/league-logo.svg\",\"width\":171,\"height\":50,\"caption\":\"League\"},\"image\":{\"@id\":\"https:\\\/\\\/league.com\\\/fr\\\/#\\\/schema\\\/logo\\\/image\\\/\"},\"sameAs\":[\"https:\\\/\\\/www.facebook.com\\\/leagueinc\\\/\",\"https:\\\/\\\/x.com\\\/joinleague\",\"https:\\\/\\\/www.instagram.com\\\/joinleague\\\/\",\"https:\\\/\\\/www.linkedin.com\\\/company\\\/league-inc-\\\/\",\"https:\\\/\\\/app.league.com\\\/\"],\"description\":\"Founded in 2014, League is the leading healthcare consumer experience (CX) platform, powered by artificial intelligence (AI), reaching more than 63 million people around the world and delivering the highest level of personalization in the industry. Payers, providers, and healthcare innovators build on League\u2019s platform to deliver high-engagement healthcare solutions proven to improve health outcomes.\",\"email\":\"toronto@league.com\",\"telephone\":\"1-437-222-5555\",\"address\":{\"@type\":\"PostalAddress\",\"streetAddress\":\"225 King Street West\",\"addressLocality\":\"Toronto\",\"addressCountry\":\"CA\",\"addressRegion\":\"Ontario\",\"postalCode\":\"M5V 3M2\"},\"founder\":\"Michael Serbinis\",\"keywords\":[\"healthcare cx platform\",\"digital healthcare platform\",\"digital health platform\",\"AI in digital healthcare\",\"AI healthcare platform\",\"AI adoption in healthcare\"]}]}<\/script>\n<!-- \/ Yoast SEO plugin. -->","yoast_head_json":{"title":"Plan du site | League","description":"Le plan du site league.com regroupe toutes les pages de ressources importantes du site web en une seule page pour un acc\u00e8s facile.","robots":{"index":"index","follow":"follow","max-snippet":"max-snippet:-1","max-image-preview":"max-image-preview:large","max-video-preview":"max-video-preview:-1"},"canonical":"https:\/\/league.com\/fr\/plan-du-site\/","og_locale":"fr_CA","og_type":"article","og_title":"Plan du site | League","og_description":"Le plan du site league.com regroupe toutes les pages de ressources importantes du site web en une seule page pour un acc\u00e8s facile.","og_url":"https:\/\/league.com\/fr\/plan-du-site\/","og_site_name":"League","article_publisher":"https:\/\/www.facebook.com\/leagueinc\/","article_modified_time":"2026-04-11T23:24:25+00:00","twitter_card":"summary_large_image","twitter_site":"@joinleague","schema":{"@context":"https:\/\/schema.org","@graph":[{"@type":"WebPage","@id":"https:\/\/league.com\/fr\/plan-du-site\/","url":"https:\/\/league.com\/fr\/plan-du-site\/","name":"Plan du site | League","isPartOf":{"@id":"https:\/\/league.com\/fr\/#website"},"datePublished":"2022-06-29T19:12:15+00:00","dateModified":"2026-04-11T23:24:25+00:00","description":"Le plan du site league.com regroupe toutes les pages de ressources importantes du site web en une seule page pour un acc\u00e8s facile.","breadcrumb":{"@id":"https:\/\/league.com\/fr\/plan-du-site\/#breadcrumb"},"inLanguage":"fr-CA","potentialAction":[{"@type":"ReadAction","target":["https:\/\/league.com\/fr\/plan-du-site\/"]}]},{"@type":"BreadcrumbList","@id":"https:\/\/league.com\/fr\/plan-du-site\/#breadcrumb","itemListElement":[{"@type":"ListItem","position":1,"name":"League","item":"https:\/\/league.com\/fr\/"},{"@type":"ListItem","position":2,"name":"Plan du site"}]},{"@type":"WebSite","@id":"https:\/\/league.com\/fr\/#website","url":"https:\/\/league.com\/fr\/","name":"League","description":"Powering next-gen digital transformation in healthcare","publisher":{"@id":"https:\/\/league.com\/fr\/#organization"},"potentialAction":[{"@type":"SearchAction","target":{"@type":"EntryPoint","urlTemplate":"https:\/\/league.com\/fr\/?s={search_term_string}"},"query-input":{"@type":"PropertyValueSpecification","valueRequired":true,"valueName":"search_term_string"}}],"inLanguage":"fr-CA"},{"@type":"Organization","@id":"https:\/\/league.com\/fr\/#organization","name":"League","url":"https:\/\/league.com\/fr\/","logo":{"@type":"ImageObject","inLanguage":"fr-CA","@id":"https:\/\/league.com\/fr\/#\/schema\/logo\/image\/","url":"https:\/\/e3r429ujnza.exactdn.com\/wp-content\/uploads\/2022\/06\/league-logo.svg","contentUrl":"https:\/\/e3r429ujnza.exactdn.com\/wp-content\/uploads\/2022\/06\/league-logo.svg","width":171,"height":50,"caption":"League"},"image":{"@id":"https:\/\/league.com\/fr\/#\/schema\/logo\/image\/"},"sameAs":["https:\/\/www.facebook.com\/leagueinc\/","https:\/\/x.com\/joinleague","https:\/\/www.instagram.com\/joinleague\/","https:\/\/www.linkedin.com\/company\/league-inc-\/","https:\/\/app.league.com\/"],"description":"Founded in 2014, League is the leading healthcare consumer experience (CX) platform, powered by artificial intelligence (AI), reaching more than 63 million people around the world and delivering the highest level of personalization in the industry. Payers, providers, and healthcare innovators build on League\u2019s platform to deliver high-engagement healthcare solutions proven to improve health outcomes.","email":"toronto@league.com","telephone":"1-437-222-5555","address":{"@type":"PostalAddress","streetAddress":"225 King Street West","addressLocality":"Toronto","addressCountry":"CA","addressRegion":"Ontario","postalCode":"M5V 3M2"},"founder":"Michael Serbinis","keywords":["healthcare cx platform","digital healthcare platform","digital health platform","AI in digital healthcare","AI healthcare platform","AI adoption in healthcare"]}]}},"_links":{"self":[{"href":"https:\/\/league.com\/fr\/wp-json\/wp\/v2\/pages\/25402","targetHints":{"allow":["GET"]}}],"collection":[{"href":"https:\/\/league.com\/fr\/wp-json\/wp\/v2\/pages"}],"about":[{"href":"https:\/\/league.com\/fr\/wp-json\/wp\/v2\/types\/page"}],"author":[{"embeddable":true,"href":"https:\/\/league.com\/fr\/wp-json\/wp\/v2\/users\/1"}],"replies":[{"embeddable":true,"href":"https:\/\/league.com\/fr\/wp-json\/wp\/v2\/comments?post=25402"}],"version-history":[{"count":3,"href":"https:\/\/league.com\/fr\/wp-json\/wp\/v2\/pages\/25402\/revisions"}],"predecessor-version":[{"id":25408,"href":"https:\/\/league.com\/fr\/wp-json\/wp\/v2\/pages\/25402\/revisions\/25408"}],"wp:attachment":[{"href":"https:\/\/league.com\/fr\/wp-json\/wp\/v2\/media?parent=25402"}],"curies":[{"name":"wp","href":"https:\/\/api.w.org\/{rel}","templated":true}]}}