{"id":25399,"date":"2024-04-03T13:55:40","date_gmt":"2024-04-03T18:55:40","guid":{"rendered":"https:\/\/league.com\/utilisation-de-lia-chez-league\/"},"modified":"2026-04-11T18:22:24","modified_gmt":"2026-04-11T23:22:24","slug":"utilisation-de-lia-chez-league","status":"publish","type":"page","link":"https:\/\/league.com\/fr\/utilisation-de-lia-chez-league\/","title":{"rendered":"Utilisation de l&rsquo;IA chez League"},"content":{"rendered":"\n<section class=\"wp-block-e25m-section bs-section bs-section-b79e6a643e98135314273195d4443455ee56decc bs-section---default bs-section--privacy-banner\"><style>.bs-section.bs-section-b79e6a643e98135314273195d4443455ee56decc{ background-color: #dbeaeb;} <\/style><div class=\"container\">\n<div class=\"wp-block-e25m-row bs-row row  bs-row---default\">\n<div class=\" bs-column col-sm-12   bs-column-5f6574ebb29ac8d58ab608d2aff5b1bbe4f96332 bs-column---default     \">\n<h1 class=\"wp-block-heading has-text-align-center has-praise-shadow-color has-text-color\">Utilisation de l&rsquo;IA chez League<\/h1>\n<\/div>\n<\/div>\n<\/div><\/section>\n\n<section class=\"wp-block-e25m-section bs-section bs-section-3aab97fabdf99e6433634250268898794d6b1a9b bs-section---default bs-section--privacy-content\"><div class=\"container\">\n<div class=\"wp-block-e25m-row bs-row row justify-content-center  bs-row---default\">\n<div class=\" bs-column col-sm-12 col-lg-10   bs-column-f3832d3c103d486a365afbe8b2e81b54b252af5a bs-column---default     \">\n<p>Chez League, nous reconnaissons l&rsquo;impact profond que les technologies d&rsquo;intelligence artificielle (IA) peuvent avoir sur les individus, les entreprises et la soci\u00e9t\u00e9 dans son ensemble. En tant qu\u2019entreprise SaaS de plateforme, nous nous engageons \u00e0 maintenir les normes les plus \u00e9lev\u00e9es de conduite \u00e9thique et de responsabilit\u00e9 dans le d\u00e9veloppement, le d\u00e9ploiement et l\u2019utilisation de l\u2019IA dans l\u2019ensemble de nos produits et services. Nous nous engageons \u00e0 actualiser r\u00e9guli\u00e8rement ces principes, compte tenu de l&rsquo;\u00e9volution rapide de notre environnement et de celui de nos clients dans ce domaine.<\/p>\n\n\n\n<p>Notre engagement en faveur d&rsquo;une IA responsable englobe plusieurs principes cl\u00e9s :<\/p>\n\n\n\n<ul role=\"list\" class=\"wp-block-list\">\n<li><strong>Pr\u00e9cision et Fiabilit\u00e9<\/strong>\u00a0: Nous d\u00e9veloppons des syst\u00e8mes bas\u00e9s sur l&rsquo;IA dont les r\u00e9sultats sont dignes de confiance et fiables pour nos utilisateurs, nos clients et nous-m\u00eames.  <\/li>\n<\/ul>\n\n\n\n<ul role=\"list\" class=\"wp-block-list\">\n<li><strong>Utilisation s\u00fbre et \u00e9thique<\/strong>\u00a0: Nous nous engageons \u00e0 d\u00e9velopper et \u00e0 d\u00e9ployer les technologies d&rsquo;intelligence artificielle de mani\u00e8re \u00e0 garantir le respect des droits fondamentaux de l&rsquo;homme, \u00e0 valoriser la diversit\u00e9, \u00e0 promouvoir l&rsquo;\u00e9quit\u00e9 et l&rsquo;\u00e9galit\u00e9 pour tous, et \u00e0 donner la priorit\u00e9 \u00e0 la s\u00e9curit\u00e9 et \u00e0 la sant\u00e9 des personnes. Nous veillerons \u00e0 ce que notre technologie d\u2019IA soit en phase avec nos valeurs et r\u00e9ponde \u00e0 nos normes \u00e9lev\u00e9es en mati\u00e8re de transparence et de confidentialit\u00e9.  <\/li>\n\n\n\n<li><strong>Transparence et Interpr\u00e9tabilit\u00e9<\/strong>\u00a0: Nous nous engageons \u00e0 faire preuve de transparence quant \u00e0 l&rsquo;utilisation des technologies d&rsquo;IA au sein de notre plateforme. Cela implique notamment de fournir des explications claires et compr\u00e9hensibles sur le fonctionnement des algorithmes d&rsquo;IA et les limites de leurs r\u00e9sultats, de mettre en place une politique claire concernant l&rsquo;utilisation des technologies d&rsquo;IA \u00e0 l&rsquo;intention de notre personnel, ainsi que de veiller \u00e0 ce que nos clients et utilisateurs sachent comment leurs donn\u00e9es sont utilis\u00e9es.<\/li>\n\n\n\n<li><strong>Responsabilit\u00e9<\/strong>\u00a0: Nous assumons la responsabilit\u00e9 des r\u00e9sultats de nos syst\u00e8mes d&rsquo;IA ainsi que de leur impact sur les utilisateurs et la soci\u00e9t\u00e9. Nous faisons preuve de diligence et d&rsquo;une surveillance continue lors de la s\u00e9lection des fournisseurs tiers de technologies d&rsquo;IA. Si l&rsquo;utilisation de l&rsquo;IA venait \u00e0 entra\u00eener des cons\u00e9quences impr\u00e9vues ou \u00e0 soulever des dilemmes \u00e9thiques, nous nous efforcerions de traiter et de r\u00e9soudre ces probl\u00e8mes de mani\u00e8re proactive, dans la mesure de nos moyens, tout en tirant les le\u00e7ons de ces exp\u00e9riences afin d&rsquo;am\u00e9liorer nos pratiques \u00e0 l&rsquo;avenir.  <\/li>\n\n\n\n<li><strong>Confidentialit\u00e9, s\u00e9curit\u00e9 et protection des donn\u00e9es<\/strong>\u00a0: Nous accordons la priorit\u00e9 \u00e0 la protection de la vie priv\u00e9e des utilisateurs et \u00e0 la s\u00e9curit\u00e9 des donn\u00e9es dans tous les aspects du d\u00e9veloppement et du d\u00e9ploiement de notre IA. Cela comprend la mise en \u0153uvre de pratiques robustes de gouvernance des donn\u00e9es, le respect des lois, r\u00e9glementations et normes pertinentes en mati\u00e8re de protection de la vie priv\u00e9e.<\/li>\n\n\n\n<li><strong>R\u00e9duction des pr\u00e9jug\u00e9s<\/strong>\u00a0: Nous sommes conscients que les syst\u00e8mes d&rsquo;IA peuvent involontairement reproduire les pr\u00e9jug\u00e9s pr\u00e9sents dans les donn\u00e9es d&rsquo;apprentissage ou dans les processus d\u00e9cisionnels algorithmiques. Pour att\u00e9nuer ce risque, nous nous engageons \u00e0 \u00e9valuer et \u00e0 examiner les informations g\u00e9n\u00e9r\u00e9es par l&rsquo;IA afin de d\u00e9tecter et de traiter les r\u00e9sultats biais\u00e9s.<\/li>\n\n\n\n<li><strong>Am\u00e9lioration continue\u00a0:<\/strong> Une IA responsable est un processus continu qui exige une vigilance et une am\u00e9lioration constantes. Nous nous engageons \u00e0 adopter une approche fond\u00e9e sur les risques afin d&rsquo;\u00e9valuer et d&rsquo;affiner en permanence nos pratiques en mati\u00e8re d&rsquo;IA, en tenant compte des commentaires des parties prenantes et en nous tenant inform\u00e9s des nouvelles consid\u00e9rations \u00e9thiques et des meilleures pratiques dans ce domaine.<\/li>\n\n\n\n<li><strong>Contr\u00f4le et intervention humains\u00a0: <\/strong>Notre utilisation de l&rsquo;IA est con\u00e7ue pour int\u00e9grer la perspicacit\u00e9 et l&rsquo;intervention humaines. Ce faisant, nous nous assurons que les activit\u00e9s aliment\u00e9es par l&rsquo;IA b\u00e9n\u00e9ficient \u00e0 la fois de l&rsquo;analyse bas\u00e9e sur l&rsquo;IA et de l&rsquo;expertise humaine.<\/li>\n\n\n\n<li><strong>Collaboration et expertise externe<\/strong>\u00a0: L\u2019innovation prosp\u00e8re gr\u00e2ce \u00e0 la collaboration. La Ligue s&rsquo;engage \u00e0 collaborer avec des experts aux parcours divers pour recueillir leurs perspectives et am\u00e9liorer continuellement nos solutions et activit\u00e9s, y compris l&rsquo;IA.  <\/li>\n\n\n\n<li><strong>\u00c9valuation et suivi de l&rsquo;impact<\/strong>\u00a0: Il est essentiel de comprendre l&rsquo;impact de l&rsquo;IA. Nous \u00e9valuons l&rsquo;IA avant son d\u00e9ploiement afin d&rsquo;en mesurer les implications et les risques. Lorsque l&rsquo;IA est approuv\u00e9e suite \u00e0 l&rsquo;\u00e9valuation initiale, nous continuons \u00e0 surveiller conform\u00e9ment \u00e0 nos politiques internes.  <\/li>\n\n\n\n<li><strong>\u00c9ducation et autonomisation des utilisateurs<\/strong>\u00a0: Nous avons int\u00e9gr\u00e9 l&rsquo;IA dans notre programme de sensibilisation interne, en nous concentrant sur les risques potentiels li\u00e9s \u00e0 l&rsquo;utilisation de l&rsquo;IA, associ\u00e9s \u00e0 une formation sur l&rsquo;utilisation responsable et s\u00e9curitaire de l&rsquo;IA chez League.  <\/li>\n\n\n\n<li><strong>Conformit\u00e9 aux lois et aux r\u00e8glements<\/strong>\u00a0: Le respect des lois et des r\u00e8glements n&rsquo;est pas n\u00e9gociable. Nos pratiques en mati\u00e8re d&rsquo;IA adh\u00e8rent aux cadres juridiques applicables, en veillant \u00e0 ce que la protection des donn\u00e9es, la confidentialit\u00e9 et l&rsquo;\u00e9quit\u00e9 soient prioritaires dans notre utilisation de l&rsquo;IA.<\/li>\n<\/ul>\n\n\n\n<p>En adh\u00e9rant \u00e0 ces principes, nous visons \u00e0 exploiter le potentiel de transformation des technologies de l&rsquo;IA tout en nous prot\u00e9geant contre les risques et les dommages potentiels. Notre engagement en faveur d&rsquo;une IA responsable refl\u00e8te notre conviction que la technologie doit servir le bien commun et contribuer positivement au bien-\u00eatre des personnes et de la soci\u00e9t\u00e9.<\/p>\n\n\n\n<p>League reste fid\u00e8le \u00e0 son engagement envers une IA responsable, et nous invitons nos clients, partenaires et parties prenantes \u00e0 se joindre \u00e0 nous dans cette entreprise importante.<\/p>\n<\/div>\n<\/div>\n<\/div><\/section>\n","protected":false},"excerpt":{"rendered":"","protected":false},"author":2,"featured_media":0,"parent":0,"menu_order":0,"comment_status":"closed","ping_status":"closed","template":"","meta":{"_acf_changed":false,"show_custom_date":false,"custom_date":"","manual_authors_enabled":false,"manual_authors":"","featured":false,"featured_image":0,"learn_more_label":"","image_alt_text":"","learn_more_type":"","learn_more_link":[],"show_popup":false,"learn_more_link_file":0,"event_date":false,"event_start_date":"","event_end_date":"","footnotes":""},"class_list":["post-25399","page","type-page","status-publish","hentry"],"acf":[],"yoast_head":"<!-- This site is optimized with the Yoast SEO plugin v27.3 - https:\/\/yoast.com\/product\/yoast-seo-wordpress\/ -->\n<title>Politique en mati\u00e8re d&#039;IA | League<\/title>\n<meta name=\"robots\" content=\"noindex, nofollow\" \/>\n<meta property=\"og:locale\" content=\"fr_CA\" \/>\n<meta property=\"og:type\" content=\"article\" \/>\n<meta property=\"og:title\" content=\"Politique en mati\u00e8re d&#039;IA | League\" \/>\n<meta property=\"og:url\" content=\"https:\/\/league.com\/fr\/utilisation-de-lia-chez-league\/\" \/>\n<meta property=\"og:site_name\" content=\"League\" \/>\n<meta property=\"article:publisher\" content=\"https:\/\/www.facebook.com\/leagueinc\/\" \/>\n<meta property=\"article:modified_time\" content=\"2026-04-11T23:22:24+00:00\" \/>\n<meta name=\"twitter:card\" content=\"summary_large_image\" \/>\n<meta name=\"twitter:site\" content=\"@joinleague\" \/>\n<meta name=\"twitter:label1\" content=\"Estimation du temps de lecture\" \/>\n\t<meta name=\"twitter:data1\" content=\"5 minutes\" \/>\n<script type=\"application\/ld+json\" class=\"yoast-schema-graph\">{\"@context\":\"https:\\\/\\\/schema.org\",\"@graph\":[{\"@type\":\"WebPage\",\"@id\":\"https:\\\/\\\/league.com\\\/fr\\\/utilisation-de-lia-chez-league\\\/\",\"url\":\"https:\\\/\\\/league.com\\\/fr\\\/utilisation-de-lia-chez-league\\\/\",\"name\":\"Politique en mati\u00e8re d'IA | League\",\"isPartOf\":{\"@id\":\"https:\\\/\\\/league.com\\\/fr\\\/#website\"},\"datePublished\":\"2024-04-03T18:55:40+00:00\",\"dateModified\":\"2026-04-11T23:22:24+00:00\",\"breadcrumb\":{\"@id\":\"https:\\\/\\\/league.com\\\/fr\\\/utilisation-de-lia-chez-league\\\/#breadcrumb\"},\"inLanguage\":\"fr-CA\",\"potentialAction\":[{\"@type\":\"ReadAction\",\"target\":[\"https:\\\/\\\/league.com\\\/fr\\\/utilisation-de-lia-chez-league\\\/\"]}]},{\"@type\":\"BreadcrumbList\",\"@id\":\"https:\\\/\\\/league.com\\\/fr\\\/utilisation-de-lia-chez-league\\\/#breadcrumb\",\"itemListElement\":[{\"@type\":\"ListItem\",\"position\":1,\"name\":\"League\",\"item\":\"https:\\\/\\\/league.com\\\/fr\\\/\"},{\"@type\":\"ListItem\",\"position\":2,\"name\":\"Utilisation de l&rsquo;IA chez League\"}]},{\"@type\":\"WebSite\",\"@id\":\"https:\\\/\\\/league.com\\\/fr\\\/#website\",\"url\":\"https:\\\/\\\/league.com\\\/fr\\\/\",\"name\":\"League\",\"description\":\"Powering next-gen digital transformation in healthcare\",\"publisher\":{\"@id\":\"https:\\\/\\\/league.com\\\/fr\\\/#organization\"},\"potentialAction\":[{\"@type\":\"SearchAction\",\"target\":{\"@type\":\"EntryPoint\",\"urlTemplate\":\"https:\\\/\\\/league.com\\\/fr\\\/?s={search_term_string}\"},\"query-input\":{\"@type\":\"PropertyValueSpecification\",\"valueRequired\":true,\"valueName\":\"search_term_string\"}}],\"inLanguage\":\"fr-CA\"},{\"@type\":\"Organization\",\"@id\":\"https:\\\/\\\/league.com\\\/fr\\\/#organization\",\"name\":\"League\",\"url\":\"https:\\\/\\\/league.com\\\/fr\\\/\",\"logo\":{\"@type\":\"ImageObject\",\"inLanguage\":\"fr-CA\",\"@id\":\"https:\\\/\\\/league.com\\\/fr\\\/#\\\/schema\\\/logo\\\/image\\\/\",\"url\":\"https:\\\/\\\/e3r429ujnza.exactdn.com\\\/wp-content\\\/uploads\\\/2022\\\/06\\\/league-logo.svg\",\"contentUrl\":\"https:\\\/\\\/e3r429ujnza.exactdn.com\\\/wp-content\\\/uploads\\\/2022\\\/06\\\/league-logo.svg\",\"width\":171,\"height\":50,\"caption\":\"League\"},\"image\":{\"@id\":\"https:\\\/\\\/league.com\\\/fr\\\/#\\\/schema\\\/logo\\\/image\\\/\"},\"sameAs\":[\"https:\\\/\\\/www.facebook.com\\\/leagueinc\\\/\",\"https:\\\/\\\/x.com\\\/joinleague\",\"https:\\\/\\\/www.instagram.com\\\/joinleague\\\/\",\"https:\\\/\\\/www.linkedin.com\\\/company\\\/league-inc-\\\/\",\"https:\\\/\\\/app.league.com\\\/\"],\"description\":\"Founded in 2014, League is the leading healthcare consumer experience (CX) platform, powered by artificial intelligence (AI), reaching more than 63 million people around the world and delivering the highest level of personalization in the industry. Payers, providers, and healthcare innovators build on League\u2019s platform to deliver high-engagement healthcare solutions proven to improve health outcomes.\",\"email\":\"toronto@league.com\",\"telephone\":\"1-437-222-5555\",\"address\":{\"@type\":\"PostalAddress\",\"streetAddress\":\"225 King Street West\",\"addressLocality\":\"Toronto\",\"addressCountry\":\"CA\",\"addressRegion\":\"Ontario\",\"postalCode\":\"M5V 3M2\"},\"founder\":\"Michael Serbinis\",\"keywords\":[\"healthcare cx platform\",\"digital healthcare platform\",\"digital health platform\",\"AI in digital healthcare\",\"AI healthcare platform\",\"AI adoption in healthcare\"]}]}<\/script>\n<!-- \/ Yoast SEO plugin. -->","yoast_head_json":{"title":"Politique en mati\u00e8re d'IA | League","robots":{"index":"noindex","follow":"nofollow"},"og_locale":"fr_CA","og_type":"article","og_title":"Politique en mati\u00e8re d'IA | League","og_url":"https:\/\/league.com\/fr\/utilisation-de-lia-chez-league\/","og_site_name":"League","article_publisher":"https:\/\/www.facebook.com\/leagueinc\/","article_modified_time":"2026-04-11T23:22:24+00:00","twitter_card":"summary_large_image","twitter_site":"@joinleague","twitter_misc":{"Estimation du temps de lecture":"5 minutes"},"schema":{"@context":"https:\/\/schema.org","@graph":[{"@type":"WebPage","@id":"https:\/\/league.com\/fr\/utilisation-de-lia-chez-league\/","url":"https:\/\/league.com\/fr\/utilisation-de-lia-chez-league\/","name":"Politique en mati\u00e8re d'IA | League","isPartOf":{"@id":"https:\/\/league.com\/fr\/#website"},"datePublished":"2024-04-03T18:55:40+00:00","dateModified":"2026-04-11T23:22:24+00:00","breadcrumb":{"@id":"https:\/\/league.com\/fr\/utilisation-de-lia-chez-league\/#breadcrumb"},"inLanguage":"fr-CA","potentialAction":[{"@type":"ReadAction","target":["https:\/\/league.com\/fr\/utilisation-de-lia-chez-league\/"]}]},{"@type":"BreadcrumbList","@id":"https:\/\/league.com\/fr\/utilisation-de-lia-chez-league\/#breadcrumb","itemListElement":[{"@type":"ListItem","position":1,"name":"League","item":"https:\/\/league.com\/fr\/"},{"@type":"ListItem","position":2,"name":"Utilisation de l&rsquo;IA chez League"}]},{"@type":"WebSite","@id":"https:\/\/league.com\/fr\/#website","url":"https:\/\/league.com\/fr\/","name":"League","description":"Powering next-gen digital transformation in healthcare","publisher":{"@id":"https:\/\/league.com\/fr\/#organization"},"potentialAction":[{"@type":"SearchAction","target":{"@type":"EntryPoint","urlTemplate":"https:\/\/league.com\/fr\/?s={search_term_string}"},"query-input":{"@type":"PropertyValueSpecification","valueRequired":true,"valueName":"search_term_string"}}],"inLanguage":"fr-CA"},{"@type":"Organization","@id":"https:\/\/league.com\/fr\/#organization","name":"League","url":"https:\/\/league.com\/fr\/","logo":{"@type":"ImageObject","inLanguage":"fr-CA","@id":"https:\/\/league.com\/fr\/#\/schema\/logo\/image\/","url":"https:\/\/e3r429ujnza.exactdn.com\/wp-content\/uploads\/2022\/06\/league-logo.svg","contentUrl":"https:\/\/e3r429ujnza.exactdn.com\/wp-content\/uploads\/2022\/06\/league-logo.svg","width":171,"height":50,"caption":"League"},"image":{"@id":"https:\/\/league.com\/fr\/#\/schema\/logo\/image\/"},"sameAs":["https:\/\/www.facebook.com\/leagueinc\/","https:\/\/x.com\/joinleague","https:\/\/www.instagram.com\/joinleague\/","https:\/\/www.linkedin.com\/company\/league-inc-\/","https:\/\/app.league.com\/"],"description":"Founded in 2014, League is the leading healthcare consumer experience (CX) platform, powered by artificial intelligence (AI), reaching more than 63 million people around the world and delivering the highest level of personalization in the industry. Payers, providers, and healthcare innovators build on League\u2019s platform to deliver high-engagement healthcare solutions proven to improve health outcomes.","email":"toronto@league.com","telephone":"1-437-222-5555","address":{"@type":"PostalAddress","streetAddress":"225 King Street West","addressLocality":"Toronto","addressCountry":"CA","addressRegion":"Ontario","postalCode":"M5V 3M2"},"founder":"Michael Serbinis","keywords":["healthcare cx platform","digital healthcare platform","digital health platform","AI in digital healthcare","AI healthcare platform","AI adoption in healthcare"]}]}},"_links":{"self":[{"href":"https:\/\/league.com\/fr\/wp-json\/wp\/v2\/pages\/25399","targetHints":{"allow":["GET"]}}],"collection":[{"href":"https:\/\/league.com\/fr\/wp-json\/wp\/v2\/pages"}],"about":[{"href":"https:\/\/league.com\/fr\/wp-json\/wp\/v2\/types\/page"}],"author":[{"embeddable":true,"href":"https:\/\/league.com\/fr\/wp-json\/wp\/v2\/users\/2"}],"replies":[{"embeddable":true,"href":"https:\/\/league.com\/fr\/wp-json\/wp\/v2\/comments?post=25399"}],"version-history":[{"count":2,"href":"https:\/\/league.com\/fr\/wp-json\/wp\/v2\/pages\/25399\/revisions"}],"predecessor-version":[{"id":25401,"href":"https:\/\/league.com\/fr\/wp-json\/wp\/v2\/pages\/25399\/revisions\/25401"}],"wp:attachment":[{"href":"https:\/\/league.com\/fr\/wp-json\/wp\/v2\/media?parent=25399"}],"curies":[{"name":"wp","href":"https:\/\/api.w.org\/{rel}","templated":true}]}}