{"id":23698,"date":"2022-06-29T14:10:54","date_gmt":"2022-06-29T19:10:54","guid":{"rendered":"https:\/\/league.com\/contact\/"},"modified":"2026-02-22T17:13:34","modified_gmt":"2026-02-22T22:13:34","slug":"contact","status":"publish","type":"page","link":"https:\/\/league.com\/fr\/contact\/","title":{"rendered":"Contact"},"content":{"rendered":"\n<section class=\"wp-block-e25m-section bs-section bs-section-73e9140db5d9468721e8d7570cb94a382d22cc10 bs-section---default bs-section--contact-banner\"><style>.bs-section.bs-section-73e9140db5d9468721e8d7570cb94a382d22cc10{ background-color: #dbeaeb;} <\/style><div class=\"container\">\n<div class=\"wp-block-e25m-row bs-row row  bs-row---default\">\n<div class=\" bs-column col-sm-12   bs-column-5f6574ebb29ac8d58ab608d2aff5b1bbe4f96332 bs-column---default     \">\n<h1 class=\"wp-block-heading has-text-align-center has-praise-shadow-color has-text-color\">Comment pouvons-nous vous aider aujourd\u2019hui?<\/h1>\n<\/div>\n<\/div>\n<\/div><\/section>\n\n<section class=\"wp-block-e25m-section bs-section bs-section-f3a4d08ec1342fb5dd1597b494d573736491bcbf bs-section---default bs-section--contact-email-address\"><div class=\"container\">\n<div class=\"wp-block-e25m-row bs-row row  bs-row---default\">\n<div class=\" bs-column col-sm-12 col-md-6 col-lg-3   bs-column-d69c339cc940787e81cd819c4ead1c17de8bb77b bs-column---default     \">\n<div class=\"bs-blurb bs-blurb---default bs-blurb--contact-email-address \"><a href=\"mailto:sales@league.com\" target=\"\" rel=\"noopener noreferrer\" class=\"bs-blurb__trigger\"><div class=\"bs-blurb__container\"><div class=\"bs-blurb__image hover-option-enabled\"><figure><picture><img class=\"none img-fluid normal-image\" src=\"https:\/\/e3r429ujnza.exactdn.com\/wp-content\/uploads\/2022\/09\/Icon-Sales.png?strip=all&w=1920\" alt=\"\"\/><\/picture><img class=\"none img-fluid hover-image\" src=\"https:\/\/e3r429ujnza.exactdn.com\/wp-content\/uploads\/2022\/09\/Icon-Sales-Inverted.png?strip=all&w=1920\"\/><\/figure><\/div><div class=\"bs-blurb__title\"><h2>Ventes<\/h2><\/div><div class=\"bs-blurb__description\"><p>Contactez un expert en CX de League Healthcare pour en savoir plus.<\/p><\/div><div class=\"bs-blurb__read-more\"><span>sales@league.com  <\/span><\/div><\/div><\/a><\/div>\n<\/div>\n\n\n\n<div class=\" bs-column col-sm-12 col-md-6 col-lg-3   bs-column-d69c339cc940787e81cd819c4ead1c17de8bb77b bs-column---default     \">\n<div class=\"bs-blurb bs-blurb---default bs-blurb--contact-email-address \"><a href=\"mailto:partners@league.com\" target=\"\" rel=\"noopener noreferrer\" class=\"bs-blurb__trigger\"><div class=\"bs-blurb__container\"><div class=\"bs-blurb__image hover-option-enabled\"><figure><picture><img class=\"none img-fluid normal-image\" src=\"https:\/\/e3r429ujnza.exactdn.com\/wp-content\/uploads\/2022\/09\/Icon-Partnerships.png?strip=all&w=1920\" alt=\"\"\/><\/picture><img class=\"none img-fluid hover-image\" src=\"https:\/\/e3r429ujnza.exactdn.com\/wp-content\/uploads\/2022\/09\/Icon-Partnerships-Inverted.png?strip=all&w=1920\"\/><\/figure><\/div><div class=\"bs-blurb__title\"><h2>Partenariats<\/h2><\/div><div class=\"bs-blurb__description\"><p>Participez \u00e0 la transformation de la CX en sant\u00e9. Discutez avec notre \u00e9quipe de partenariats.<\/p><\/div><div class=\"bs-blurb__read-more\"><span>partners@league.com  <\/span><\/div><\/div><\/a><\/div>\n<\/div>\n\n\n\n<div class=\" bs-column col-sm-12 col-md-6 col-lg-3   bs-column-d69c339cc940787e81cd819c4ead1c17de8bb77b bs-column---default     \">\n<div class=\"bs-blurb bs-blurb---default bs-blurb--contact-email-address \"><a href=\"mailto:press@league.com\" target=\"\" rel=\"noopener noreferrer\" class=\"bs-blurb__trigger\"><div class=\"bs-blurb__container\"><div class=\"bs-blurb__image hover-option-enabled\"><figure><picture><img class=\"none img-fluid normal-image\" src=\"https:\/\/e3r429ujnza.exactdn.com\/wp-content\/uploads\/2022\/09\/Icon-Press.png?strip=all&w=1920\" alt=\"\"\/><\/picture><img class=\"none img-fluid hover-image\" src=\"https:\/\/e3r429ujnza.exactdn.com\/wp-content\/uploads\/2022\/09\/Icon-Press-Inverted.png?strip=all&w=1920\"\/><\/figure><\/div><div class=\"bs-blurb__title\"><h2>Presse<\/h2><\/div><div class=\"bs-blurb__description\"><p>Envoyez une note \u00e0 notre \u00e9quipe de relations publiques pour les demandes des m\u00e9dias ou pour en savoir plus sur nous.<\/p><\/div><div class=\"bs-blurb__read-more\"><span>press@league.com  <\/span><\/div><\/div><\/a><\/div>\n<\/div>\n\n\n\n<div class=\" bs-column col-sm-12 col-md-6 col-lg-3   bs-column-d69c339cc940787e81cd819c4ead1c17de8bb77b bs-column---default     \">\n<div class=\"bs-blurb bs-blurb---default bs-blurb--contact-email-address \"><a href=\"mailto:help@league.com\" target=\"\" rel=\"noopener noreferrer\" class=\"bs-blurb__trigger\"><div class=\"bs-blurb__container\"><div class=\"bs-blurb__image hover-option-enabled\"><figure><picture><img class=\"none img-fluid normal-image\" src=\"https:\/\/e3r429ujnza.exactdn.com\/wp-content\/uploads\/2022\/09\/Icon-Members.png?strip=all&w=1920\" alt=\"\"\/><\/picture><img class=\"none img-fluid hover-image\" src=\"https:\/\/e3r429ujnza.exactdn.com\/wp-content\/uploads\/2022\/09\/Icon-Members-Inverted.png?strip=all&w=1920\"\/><\/figure><\/div><div class=\"bs-blurb__title\"><h2>Membres<\/h2><\/div><div class=\"bs-blurb__description\"><p>Obtenez des r\u00e9ponses \u00e0 vos questions aupr\u00e8s de notre \u00e9quipe de service \u00e0 la client\u00e8le.<\/p><\/div><div class=\"bs-blurb__read-more\"><span>help@league.com  <\/span><\/div><\/div><\/a><\/div>\n<\/div>\n<\/div>\n<\/div><\/section>\n\n\n<section class=\"wp-block-e25m-section bs-section bs-section-cbf214ec8ad4d88fe5cc43e7af0b0872c50da087 bs-section---default r-blbstk-l6 r-blbstk-l6--lge1\"><div class=\"container\">\n<div class=\"wp-block-e25m-row bs-row row  bs-row---default\">\n<div class=\" bs-column col-sm-12 col-md-6   bs-column-c0900e4cf0287af28efb2425d00c9943aa7b72a2 bs-column---default     \">\n<div class=\"wp-block-e25m-div bs-div bs-div-91103da672f431009115c2b4dd3e89284290a37b bs-div---default\"><div class=\"bs-div__inner     \"><div class='media-elements bs-media-element---default enable'>    <div class='bs-common-image'>\n                            <figure class='figure justify-content-start d-flex'>\n                            <picture>\n                            \n                            <img src='https:\/\/e3r429ujnza.exactdn.com\/wp-content\/uploads\/2022\/09\/Contact-Toronto.jpg?strip=all&w=1920' class='img-fluid' alt='' title=''  \/>\n                            <\/picture>\n                                \n                            <\/figure>\n                        <\/div><\/div><\/div><\/div>\n\n\n\n<div class=\"wp-block-e25m-div bs-div bs-div-6579231807f77384e51d7afce73810a09bb43077 bs-div---default\"><div class=\"bs-div__inner     \">\n<h2 class=\"wp-block-heading\">Si\u00e8ge social de Toronto<\/h2>\n\n\n\n<div class=\"bs-blurb bs-blurb---default bs-blurb--r-blbstk-l6-lge1 \"><div class=\"bs-blurb__container theme-\"><div class=\"bs-blurb__image\"><figure><picture><img class=\"none img-fluid\" src=\"https:\/\/e3r429ujnza.exactdn.com\/wp-content\/uploads\/2022\/08\/icon-location.svg\" alt=\"\"\/><\/picture><\/figure><\/div><div class=\"bs-blurb__description\"><p>225, rue King Ouest, Bureau 800<br\/>Toronto, ON M5V 3M2, Canada<\/p><\/div><div class=\"bs-blurb__read-more\"><a class=\"bs-blurb__trigger\" href=\"https:\/\/www.google.com\/maps\/place\/225+King+St+W,+Toronto,+ON+M5V+3M2\/@43.6466821,-79.3881743,17z\/data=!3m1!4b1!4m5!3m4!1s0x882b34d11a92a9e7:0x62367135f8d51b63!8m2!3d43.6466821!4d-79.3881743\" target=\"_blank\" rel=\"noopener noreferrer\">  Obtenir des directions  <\/a><\/div><\/div><\/div>\n\n\n\n<div class=\"bs-blurb bs-blurb---default bs-blurb--r-blbstk-l6-lge1 \"><div class=\"bs-blurb__container theme-undefined\"><div class=\"bs-blurb__image\"><figure><picture><img class=\"none img-fluid\" src=\"https:\/\/e3r429ujnza.exactdn.com\/wp-content\/uploads\/2022\/08\/icon-envelope.svg\" alt=\"\"\/><\/picture><\/figure><\/div><div class=\"bs-blurb__read-more\"><a class=\"bs-blurb__trigger\" href=\"mailto:toronto@email.com\" target=\"\" rel=\"noopener noreferrer\">  toronto@league.com  <\/a><\/div><\/div><\/div>\n\n\n\n<div class=\"bs-blurb bs-blurb---default bs-blurb--r-blbstk-l6-lge1 \"><div class=\"bs-blurb__container theme-undefined\"><div class=\"bs-blurb__image\"><figure><picture><img class=\"none img-fluid\" src=\"https:\/\/e3r429ujnza.exactdn.com\/wp-content\/uploads\/2022\/08\/icon-phone.svg\" alt=\"\"\/><\/picture><\/figure><\/div><div class=\"bs-blurb__read-more\"><a class=\"bs-blurb__trigger\" href=\"T\u00e9l.&nbsp;: 437-222-5555\" target=\"\" rel=\"noopener noreferrer\"> 437-222-5555 <\/a><\/div><\/div><\/div>\n<\/div><\/div>\n<\/div>\n\n\n\n<div class=\" bs-column col-sm-12 col-md-6   bs-column-c0900e4cf0287af28efb2425d00c9943aa7b72a2 bs-column---default     \">\n<div class=\"wp-block-e25m-div bs-div bs-div-91103da672f431009115c2b4dd3e89284290a37b bs-div---default\"><div class=\"bs-div__inner     \"><div class='media-elements bs-media-element---default enable'>    <div class='bs-common-image'>\n                            <figure class='figure justify-content-start d-flex'>\n                            <picture>\n                            \n                            <img src='https:\/\/e3r429ujnza.exactdn.com\/wp-content\/uploads\/2022\/09\/Chicago_Office.png?strip=all&w=1920' class='img-fluid' alt='' title=''  \/>\n                            <\/picture>\n                                \n                            <\/figure>\n                        <\/div><\/div><\/div><\/div>\n\n\n\n<div class=\"wp-block-e25m-div bs-div bs-div-6579231807f77384e51d7afce73810a09bb43077 bs-div---default\"><div class=\"bs-div__inner     \">\n<h2 class=\"wp-block-heading\">Chicago HQ<\/h2>\n\n\n\n<div class=\"bs-blurb bs-blurb---default bs-blurb--r-blbstk-l6-lge1 \"><div class=\"bs-blurb__container theme-\"><div class=\"bs-blurb__image\"><figure><picture><img class=\"none img-fluid\" src=\"https:\/\/e3r429ujnza.exactdn.com\/wp-content\/uploads\/2022\/08\/icon-location.svg\" alt=\"\"\/><\/picture><\/figure><\/div><div class=\"bs-blurb__description\"><p>875 North Michigan Ave, bureau 3100<br\/>Chicago, IL 60611 \u00c9tats-Unis<\/p><\/div><div class=\"bs-blurb__read-more\"><a class=\"bs-blurb__trigger\" href=\"https:\/\/maps.app.goo.gl\/LG4uUZ6g8eDvkZkV9\" target=\"_blank\" rel=\"noopener noreferrer\">  Obtenir des directions  <\/a><\/div><\/div><\/div>\n\n\n\n<div class=\"bs-blurb bs-blurb---default bs-blurb--r-blbstk-l6-lge1 \"><div class=\"bs-blurb__container theme-undefined\"><div class=\"bs-blurb__image\"><figure><picture><img class=\"none img-fluid\" src=\"https:\/\/e3r429ujnza.exactdn.com\/wp-content\/uploads\/2022\/08\/icon-envelope.svg\" alt=\"\"\/><\/picture><\/figure><\/div><div class=\"bs-blurb__read-more\"><a class=\"bs-blurb__trigger\" href=\"mailto:chicago@email.com\" target=\"\" rel=\"noopener noreferrer\">  chicago@league.com  <\/a><\/div><\/div><\/div>\n\n\n<\/div><\/div>\n<\/div>\n<\/div>\n<\/div><\/section>\n\n\n\n<section class=\"wp-block-e25m-section bs-section bs-section-fe273080177ba18eb7fe8e24f19e280de7dd5089 bs-section---default r-blbstk-l3 r-blbstk-l3--lge1\"><style>.bs-section.bs-section-fe273080177ba18eb7fe8e24f19e280de7dd5089{ background-color: #f9f7f6;} <\/style><div class=\"container\">\n<div class=\"wp-block-e25m-row bs-row row  bs-row---default\">\n<div class=\" bs-column col-sm-12   bs-column-5f6574ebb29ac8d58ab608d2aff5b1bbe4f96332 bs-column---default     \">\n<h2 class=\"wp-block-heading has-text-align-center\">En savoir plus sur League<\/h2>\n<\/div>\n<\/div>\n\n\n\n<div class=\"wp-block-e25m-row bs-row row  bs-row---default\">\n<div class=\" bs-column col-12 col-xl-4 col-lg-4 col-md-4 col-xs-12 col-sm-6   bs-column-91fde40b1cdbe8c647f4b573ef7c121d54551825 bs-column---default     \">\n<div class=\"bs-blurb bs-blurb--r-blbstk-l3-lge1 bs-blurb--no-image\"><a href=\"https:\/\/league.com\/about\/\" target=\"\" rel=\"noopener noreferrer\" class=\"bs-blurb__trigger\"><div class=\"bs-blurb__container\"><div class=\"bs-blurb__title\"><h3>\u00c0 propos<\/h3><\/div><div class=\"bs-blurb__description\"><p>D\u00e9couvrez notre plateforme, nos partenaires et nos employ\u00e9s.<\/p><\/div><div class=\"bs-blurb__read-more\"><span>En savoir plus<\/span><\/div><\/div><\/a><\/div>\n<\/div>\n\n\n\n<div class=\" bs-column col-12 col-xl-4 col-lg-4 col-md-4  col-xs-12 col-sm-6   bs-column-ec24e4b41dcfb13a3505b90148fcdc0a796c1559 bs-column---default     \">\n<div class=\"bs-blurb bs-blurb--r-blbstk-l3-lge1 bs-blurb--no-image\"><a href=\"https:\/\/league.com\/newsroom\/\" target=\"\" rel=\"noopener noreferrer\" class=\"bs-blurb__trigger\"><div class=\"bs-blurb__container\"><div class=\"bs-blurb__title\"><h3>Salle de presse<\/h3><\/div><div class=\"bs-blurb__description\"><p>D\u00e9couvrez les derni\u00e8res nouvelles, les mises \u00e0 jour de produits et les r\u00e9compenses.<\/p><\/div><div class=\"bs-blurb__read-more\"><span>En savoir plus<\/span><\/div><\/div><\/a><\/div>\n<\/div>\n\n\n\n<div class=\" bs-column col-12 col-xl-4 col-lg-4 col-md-4  col-xs-12 col-sm-6   bs-column-ec24e4b41dcfb13a3505b90148fcdc0a796c1559 bs-column---default     \">\n<div class=\"bs-blurb bs-blurb--r-blbstk-l3-lge1 bs-blurb--no-image\"><a href=\"https:\/\/league.com\/blog\/\" target=\"\" rel=\"noopener noreferrer\" class=\"bs-blurb__trigger\"><div class=\"bs-blurb__container\"><div class=\"bs-blurb__title\"><h3>Blog<\/h3><\/div><div class=\"bs-blurb__description\"><p>Explorez notre leadership \u00e9clair\u00e9 pour en savoir plus sur la transformation CX.<\/p><\/div><div class=\"bs-blurb__read-more\"><span>En savoir plus<\/span><\/div><\/div><\/a><\/div>\n<\/div>\n<\/div>\n<\/div><\/section>\n\n","protected":false},"excerpt":{"rendered":"","protected":false},"author":1,"featured_media":23714,"parent":0,"menu_order":0,"comment_status":"closed","ping_status":"closed","template":"","meta":{"_acf_changed":false,"show_custom_date":false,"custom_date":"","manual_authors_enabled":false,"manual_authors":"","featured":false,"featured_image":0,"learn_more_label":"","image_alt_text":"","learn_more_type":"","learn_more_link":[],"show_popup":false,"learn_more_link_file":0,"event_date":false,"event_start_date":"","event_end_date":"","footnotes":""},"class_list":["post-23698","page","type-page","status-publish","has-post-thumbnail","hentry"],"acf":[],"yoast_head":"<!-- This site is optimized with the Yoast SEO plugin v27.3 - https:\/\/yoast.com\/product\/yoast-seo-wordpress\/ -->\n<title>Contact | League<\/title>\n<meta name=\"description\" content=\"Avez-vous des questions, des commentaires ou des retours pour League? Nous sommes l\u00e0 pour vous aider \u2013 contactez notre \u00e9quipe.\" \/>\n<meta name=\"robots\" content=\"index, follow, max-snippet:-1, max-image-preview:large, max-video-preview:-1\" \/>\n<link rel=\"canonical\" href=\"https:\/\/league.com\/fr\/contact\/\" \/>\n<meta property=\"og:locale\" content=\"fr_CA\" \/>\n<meta property=\"og:type\" content=\"article\" \/>\n<meta property=\"og:title\" content=\"Contact | League\" \/>\n<meta property=\"og:description\" content=\"Avez-vous des questions, des commentaires ou des retours pour League? Nous sommes l\u00e0 pour vous aider \u2013 contactez notre \u00e9quipe.\" \/>\n<meta property=\"og:url\" content=\"https:\/\/league.com\/fr\/contact\/\" \/>\n<meta property=\"og:site_name\" content=\"League\" \/>\n<meta property=\"article:publisher\" content=\"https:\/\/www.facebook.com\/leagueinc\/\" \/>\n<meta property=\"article:modified_time\" content=\"2026-02-22T22:13:34+00:00\" \/>\n<meta property=\"og:image\" content=\"https:\/\/e3r429ujnza.exactdn.com\/wp-content\/uploads\/2023\/10\/League-Healthcare-CX-Platform-1.jpg?strip=all\" \/>\n\t<meta property=\"og:image:width\" content=\"1920\" \/>\n\t<meta property=\"og:image:height\" content=\"1080\" \/>\n\t<meta property=\"og:image:type\" content=\"image\/jpeg\" \/>\n<meta name=\"twitter:card\" content=\"summary_large_image\" \/>\n<meta name=\"twitter:site\" content=\"@joinleague\" \/>\n<meta name=\"twitter:label1\" content=\"Estimation du temps de lecture\" \/>\n\t<meta name=\"twitter:data1\" content=\"1 minute\" \/>\n<script type=\"application\/ld+json\" class=\"yoast-schema-graph\">{\"@context\":\"https:\\\/\\\/schema.org\",\"@graph\":[{\"@type\":\"WebPage\",\"@id\":\"https:\\\/\\\/league.com\\\/fr\\\/contact\\\/\",\"url\":\"https:\\\/\\\/league.com\\\/fr\\\/contact\\\/\",\"name\":\"Contact | League\",\"isPartOf\":{\"@id\":\"https:\\\/\\\/league.com\\\/fr\\\/#website\"},\"primaryImageOfPage\":{\"@id\":\"https:\\\/\\\/league.com\\\/fr\\\/contact\\\/#primaryimage\"},\"image\":{\"@id\":\"https:\\\/\\\/league.com\\\/fr\\\/contact\\\/#primaryimage\"},\"thumbnailUrl\":\"https:\\\/\\\/e3r429ujnza.exactdn.com\\\/wp-content\\\/uploads\\\/2023\\\/10\\\/League-Healthcare-CX-Platform-1.jpg?strip=all\",\"datePublished\":\"2022-06-29T19:10:54+00:00\",\"dateModified\":\"2026-02-22T22:13:34+00:00\",\"description\":\"Avez-vous des questions, des commentaires ou des retours pour League? Nous sommes l\u00e0 pour vous aider \u2013 contactez notre \u00e9quipe.\",\"breadcrumb\":{\"@id\":\"https:\\\/\\\/league.com\\\/fr\\\/contact\\\/#breadcrumb\"},\"inLanguage\":\"fr-CA\",\"potentialAction\":[{\"@type\":\"ReadAction\",\"target\":[\"https:\\\/\\\/league.com\\\/fr\\\/contact\\\/\"]}]},{\"@type\":\"ImageObject\",\"inLanguage\":\"fr-CA\",\"@id\":\"https:\\\/\\\/league.com\\\/fr\\\/contact\\\/#primaryimage\",\"url\":\"https:\\\/\\\/e3r429ujnza.exactdn.com\\\/wp-content\\\/uploads\\\/2023\\\/10\\\/League-Healthcare-CX-Platform-1.jpg?strip=all\",\"contentUrl\":\"https:\\\/\\\/e3r429ujnza.exactdn.com\\\/wp-content\\\/uploads\\\/2023\\\/10\\\/League-Healthcare-CX-Platform-1.jpg?strip=all\",\"width\":1920,\"height\":1080},{\"@type\":\"BreadcrumbList\",\"@id\":\"https:\\\/\\\/league.com\\\/fr\\\/contact\\\/#breadcrumb\",\"itemListElement\":[{\"@type\":\"ListItem\",\"position\":1,\"name\":\"League\",\"item\":\"https:\\\/\\\/league.com\\\/fr\\\/\"},{\"@type\":\"ListItem\",\"position\":2,\"name\":\"Contact\"}]},{\"@type\":\"WebSite\",\"@id\":\"https:\\\/\\\/league.com\\\/fr\\\/#website\",\"url\":\"https:\\\/\\\/league.com\\\/fr\\\/\",\"name\":\"League\",\"description\":\"Powering next-gen digital transformation in healthcare\",\"publisher\":{\"@id\":\"https:\\\/\\\/league.com\\\/fr\\\/#organization\"},\"potentialAction\":[{\"@type\":\"SearchAction\",\"target\":{\"@type\":\"EntryPoint\",\"urlTemplate\":\"https:\\\/\\\/league.com\\\/fr\\\/?s={search_term_string}\"},\"query-input\":{\"@type\":\"PropertyValueSpecification\",\"valueRequired\":true,\"valueName\":\"search_term_string\"}}],\"inLanguage\":\"fr-CA\"},{\"@type\":\"Organization\",\"@id\":\"https:\\\/\\\/league.com\\\/fr\\\/#organization\",\"name\":\"League\",\"url\":\"https:\\\/\\\/league.com\\\/fr\\\/\",\"logo\":{\"@type\":\"ImageObject\",\"inLanguage\":\"fr-CA\",\"@id\":\"https:\\\/\\\/league.com\\\/fr\\\/#\\\/schema\\\/logo\\\/image\\\/\",\"url\":\"https:\\\/\\\/e3r429ujnza.exactdn.com\\\/wp-content\\\/uploads\\\/2022\\\/06\\\/league-logo.svg\",\"contentUrl\":\"https:\\\/\\\/e3r429ujnza.exactdn.com\\\/wp-content\\\/uploads\\\/2022\\\/06\\\/league-logo.svg\",\"width\":171,\"height\":50,\"caption\":\"League\"},\"image\":{\"@id\":\"https:\\\/\\\/league.com\\\/fr\\\/#\\\/schema\\\/logo\\\/image\\\/\"},\"sameAs\":[\"https:\\\/\\\/www.facebook.com\\\/leagueinc\\\/\",\"https:\\\/\\\/x.com\\\/joinleague\",\"https:\\\/\\\/www.instagram.com\\\/joinleague\\\/\",\"https:\\\/\\\/www.linkedin.com\\\/company\\\/league-inc-\\\/\",\"https:\\\/\\\/app.league.com\\\/\"],\"description\":\"Founded in 2014, League is the leading healthcare consumer experience (CX) platform, powered by artificial intelligence (AI), reaching more than 63 million people around the world and delivering the highest level of personalization in the industry. Payers, providers, and healthcare innovators build on League\u2019s platform to deliver high-engagement healthcare solutions proven to improve health outcomes.\",\"email\":\"toronto@league.com\",\"telephone\":\"1-437-222-5555\",\"address\":{\"@type\":\"PostalAddress\",\"streetAddress\":\"225 King Street West\",\"addressLocality\":\"Toronto\",\"addressCountry\":\"CA\",\"addressRegion\":\"Ontario\",\"postalCode\":\"M5V 3M2\"},\"founder\":\"Michael Serbinis\",\"keywords\":[\"healthcare cx platform\",\"digital healthcare platform\",\"digital health platform\",\"AI in digital healthcare\",\"AI healthcare platform\",\"AI adoption in healthcare\"]}]}<\/script>\n<!-- \/ Yoast SEO plugin. -->","yoast_head_json":{"title":"Contact | League","description":"Avez-vous des questions, des commentaires ou des retours pour League? Nous sommes l\u00e0 pour vous aider \u2013 contactez notre \u00e9quipe.","robots":{"index":"index","follow":"follow","max-snippet":"max-snippet:-1","max-image-preview":"max-image-preview:large","max-video-preview":"max-video-preview:-1"},"canonical":"https:\/\/league.com\/fr\/contact\/","og_locale":"fr_CA","og_type":"article","og_title":"Contact | League","og_description":"Avez-vous des questions, des commentaires ou des retours pour League? Nous sommes l\u00e0 pour vous aider \u2013 contactez notre \u00e9quipe.","og_url":"https:\/\/league.com\/fr\/contact\/","og_site_name":"League","article_publisher":"https:\/\/www.facebook.com\/leagueinc\/","article_modified_time":"2026-02-22T22:13:34+00:00","og_image":[{"width":1920,"height":1080,"url":"https:\/\/e3r429ujnza.exactdn.com\/wp-content\/uploads\/2023\/10\/League-Healthcare-CX-Platform-1.jpg?strip=all","type":"image\/jpeg"}],"twitter_card":"summary_large_image","twitter_site":"@joinleague","twitter_misc":{"Estimation du temps de lecture":"1 minute"},"schema":{"@context":"https:\/\/schema.org","@graph":[{"@type":"WebPage","@id":"https:\/\/league.com\/fr\/contact\/","url":"https:\/\/league.com\/fr\/contact\/","name":"Contact | League","isPartOf":{"@id":"https:\/\/league.com\/fr\/#website"},"primaryImageOfPage":{"@id":"https:\/\/league.com\/fr\/contact\/#primaryimage"},"image":{"@id":"https:\/\/league.com\/fr\/contact\/#primaryimage"},"thumbnailUrl":"https:\/\/e3r429ujnza.exactdn.com\/wp-content\/uploads\/2023\/10\/League-Healthcare-CX-Platform-1.jpg?strip=all","datePublished":"2022-06-29T19:10:54+00:00","dateModified":"2026-02-22T22:13:34+00:00","description":"Avez-vous des questions, des commentaires ou des retours pour League? Nous sommes l\u00e0 pour vous aider \u2013 contactez notre \u00e9quipe.","breadcrumb":{"@id":"https:\/\/league.com\/fr\/contact\/#breadcrumb"},"inLanguage":"fr-CA","potentialAction":[{"@type":"ReadAction","target":["https:\/\/league.com\/fr\/contact\/"]}]},{"@type":"ImageObject","inLanguage":"fr-CA","@id":"https:\/\/league.com\/fr\/contact\/#primaryimage","url":"https:\/\/e3r429ujnza.exactdn.com\/wp-content\/uploads\/2023\/10\/League-Healthcare-CX-Platform-1.jpg?strip=all","contentUrl":"https:\/\/e3r429ujnza.exactdn.com\/wp-content\/uploads\/2023\/10\/League-Healthcare-CX-Platform-1.jpg?strip=all","width":1920,"height":1080},{"@type":"BreadcrumbList","@id":"https:\/\/league.com\/fr\/contact\/#breadcrumb","itemListElement":[{"@type":"ListItem","position":1,"name":"League","item":"https:\/\/league.com\/fr\/"},{"@type":"ListItem","position":2,"name":"Contact"}]},{"@type":"WebSite","@id":"https:\/\/league.com\/fr\/#website","url":"https:\/\/league.com\/fr\/","name":"League","description":"Powering next-gen digital transformation in healthcare","publisher":{"@id":"https:\/\/league.com\/fr\/#organization"},"potentialAction":[{"@type":"SearchAction","target":{"@type":"EntryPoint","urlTemplate":"https:\/\/league.com\/fr\/?s={search_term_string}"},"query-input":{"@type":"PropertyValueSpecification","valueRequired":true,"valueName":"search_term_string"}}],"inLanguage":"fr-CA"},{"@type":"Organization","@id":"https:\/\/league.com\/fr\/#organization","name":"League","url":"https:\/\/league.com\/fr\/","logo":{"@type":"ImageObject","inLanguage":"fr-CA","@id":"https:\/\/league.com\/fr\/#\/schema\/logo\/image\/","url":"https:\/\/e3r429ujnza.exactdn.com\/wp-content\/uploads\/2022\/06\/league-logo.svg","contentUrl":"https:\/\/e3r429ujnza.exactdn.com\/wp-content\/uploads\/2022\/06\/league-logo.svg","width":171,"height":50,"caption":"League"},"image":{"@id":"https:\/\/league.com\/fr\/#\/schema\/logo\/image\/"},"sameAs":["https:\/\/www.facebook.com\/leagueinc\/","https:\/\/x.com\/joinleague","https:\/\/www.instagram.com\/joinleague\/","https:\/\/www.linkedin.com\/company\/league-inc-\/","https:\/\/app.league.com\/"],"description":"Founded in 2014, League is the leading healthcare consumer experience (CX) platform, powered by artificial intelligence (AI), reaching more than 63 million people around the world and delivering the highest level of personalization in the industry. Payers, providers, and healthcare innovators build on League\u2019s platform to deliver high-engagement healthcare solutions proven to improve health outcomes.","email":"toronto@league.com","telephone":"1-437-222-5555","address":{"@type":"PostalAddress","streetAddress":"225 King Street West","addressLocality":"Toronto","addressCountry":"CA","addressRegion":"Ontario","postalCode":"M5V 3M2"},"founder":"Michael Serbinis","keywords":["healthcare cx platform","digital healthcare platform","digital health platform","AI in digital healthcare","AI healthcare platform","AI adoption in healthcare"]}]}},"_links":{"self":[{"href":"https:\/\/league.com\/fr\/wp-json\/wp\/v2\/pages\/23698","targetHints":{"allow":["GET"]}}],"collection":[{"href":"https:\/\/league.com\/fr\/wp-json\/wp\/v2\/pages"}],"about":[{"href":"https:\/\/league.com\/fr\/wp-json\/wp\/v2\/types\/page"}],"author":[{"embeddable":true,"href":"https:\/\/league.com\/fr\/wp-json\/wp\/v2\/users\/1"}],"replies":[{"embeddable":true,"href":"https:\/\/league.com\/fr\/wp-json\/wp\/v2\/comments?post=23698"}],"version-history":[{"count":1,"href":"https:\/\/league.com\/fr\/wp-json\/wp\/v2\/pages\/23698\/revisions"}],"predecessor-version":[{"id":23715,"href":"https:\/\/league.com\/fr\/wp-json\/wp\/v2\/pages\/23698\/revisions\/23715"}],"wp:featuredmedia":[{"embeddable":true,"href":"https:\/\/league.com\/fr\/wp-json\/wp\/v2\/media\/23714"}],"wp:attachment":[{"href":"https:\/\/league.com\/fr\/wp-json\/wp\/v2\/media?parent=23698"}],"curies":[{"name":"wp","href":"https:\/\/api.w.org\/{rel}","templated":true}]}}