{"id":22982,"date":"2022-09-13T12:41:46","date_gmt":"2022-09-13T17:41:46","guid":{"rendered":"https:\/\/league.com\/programme-developpeur-rejoindre\/"},"modified":"2026-02-12T14:46:51","modified_gmt":"2026-02-12T19:46:51","slug":"programme-developpeur-rejoindre","status":"publish","type":"page","link":"https:\/\/league.com\/fr\/programme-developpeur-rejoindre\/","title":{"rendered":"Programme d\u00e9veloppeur &#8211; Rejoindre"},"content":{"rendered":"\n<section class=\"wp-block-e25m-section bs-section bs-section-b35e505d67d39f97cab0de920139b41407c7c24f bs-section---default bs-section--gated-banner bs-section--gated-ungated\"><style>.bs-section.bs-section-b35e505d67d39f97cab0de920139b41407c7c24f{ background-color: #19063a;} <\/style><div class=\"container\">\n<div class=\"wp-block-e25m-row bs-row row  bs-row---default\">\n<div class=\" bs-column col-sm-12 col-lg-8   bs-column-af2650be9ff8a676cd33ddc885a89c6a3aaf3cd2 bs-column---default     \">\n<span style=\"color:white;\">PROGRAMME POUR D\u00c9VELOPPEURS<\/span>\n\n\n\n<h1 class=\"wp-block-heading has-pure-white-color has-text-color\">Commencez \u00e0 b\u00e2tir sur la plateforme CX en sant\u00e9 de pointe<\/h1>\n\n\n\n<p class=\"has-pure-white-color has-text-color\">D\u00e9veloppez et d\u00e9ployez vos propres exp\u00e9riences de sant\u00e9 num\u00e9rique uniques avec aisance, en utilisant la plateforme de League. Remplissez le formulaire et nous vous contacterons dans les 48 heures.<\/p>\n<\/div>\n\n\n\n<div class=\" bs-column col-sm-12 col-md-0 col-lg-4   bs-column-63ffab7c3781e6c0a089bf40ffd5180bd3da7ea0 bs-column---default     \">\n<div id=\"long-form\" class=\"wp-block-e25m-div bs-div bs-div-8c541e8019f2d10d6ea69b246d207d7218e5069e bs-div---default bs-div--gated-form\"><style>.bs-div.bs-div-8c541e8019f2d10d6ea69b246d207d7218e5069e{ background-color: #fff;} <\/style><div class=\"bs-div__inner     \">\n<iframe loading=\"lazy\" src=\"https:\/\/go.league.com\/l\/262642\/2022-09-12\/6k8272\" type=\"text\/html\" allowtransparency=\"true\" style=\"border: 0\" width=\"100%\" height=\"850\" frameborder=\"0\"><\/iframe>\n<\/div><\/div>\n<\/div>\n<\/div>\n<\/div><\/section>\n\n\n\n<section class=\"wp-block-e25m-section bs-section bs-section-e957dc7e867a5186503b20c16c357f8ce6e8e2dd bs-section---default bs-section--home-text-move-with-logo bs-section--get-start-logos bs-section--get-start-inner-height\"><div class=\"container\">\n<div class=\"wp-block-e25m-row bs-row row  bs-row---default\">\n<div class=\" bs-column col-sm-12 col-lg-8   bs-column-af2650be9ff8a676cd33ddc885a89c6a3aaf3cd2 bs-column---default     \"><\/div>\n\n\n\n<div class=\" bs-column  col-sm-12 col-lg-8   bs-column-0048cca60e55c36872e6b19a5383f75136b506e1 bs-column---default     \">\n<div style=\"height:0px\" aria-hidden=\"true\" class=\"wp-block-spacer\"><\/div>\n\n\n\n<h2 class=\"wp-block-heading\">Les principales marques s\u2019appuient sur League<\/h2>\n<\/div>\n\n\n\n<div class=\" bs-column col-sm-12 col-lg-8   bs-column-af2650be9ff8a676cd33ddc885a89c6a3aaf3cd2 bs-column---default     \">\n<div class=\"wp-block-e25m-div bs-div bs-div-8b1a7b5d60ea94a5bc29ed7da8ab196458ca0efe bs-div---default\"><div class=\"bs-div__inner     \"><div class='media-elements bs-media-element---default enable'>    <div class='bs-common-image'>\n                            <figure class='figure justify-content-start d-flex'>\n                            <picture>\n                            \n                            <img src='https:\/\/e3r429ujnza.exactdn.com\/wp-content\/uploads\/2022\/09\/Accenture2.png?strip=all&w=1920' class='img-fluid' alt='Accenture' title=''  \/>\n                            <\/picture>\n                                \n                            <\/figure>\n                        <\/div><\/div>\n\n<div class='media-elements bs-media-element---default enable'>    <div class='bs-common-image'>\n                            <figure class='figure justify-content-start d-flex'>\n                            <picture>\n                            \n                            <img src='https:\/\/e3r429ujnza.exactdn.com\/wp-content\/uploads\/2022\/09\/Google2.png?strip=all&w=1920' class='img-fluid' alt='Google' title=''  \/>\n                            <\/picture>\n                                \n                            <\/figure>\n                        <\/div><\/div>\n\n<div class='media-elements bs-media-element---default enable'>    <div class='bs-common-image'>\n                            <figure class='figure justify-content-start d-flex'>\n                            <picture>\n                            \n                            <img src='https:\/\/e3r429ujnza.exactdn.com\/wp-content\/uploads\/2022\/09\/Deloitte-2.png?strip=all&w=1920' class='img-fluid' alt='Deloitte' title=''  \/>\n                            <\/picture>\n                                \n                            <\/figure>\n                        <\/div><\/div>\n\n<div class='media-elements bs-media-element---default enable'>    <div class='bs-common-image'>\n                            <figure class='figure justify-content-start d-flex'>\n                            <picture>\n                            \n                            <img src='https:\/\/e3r429ujnza.exactdn.com\/wp-content\/uploads\/2022\/09\/HighmarkHealth-2.png?strip=all&w=1920' class='img-fluid' alt='Highmark Health' title=''  \/>\n                            <\/picture>\n                                \n                            <\/figure>\n                        <\/div><\/div>\n\n<div class='media-elements bs-media-element---default enable'>    <div class='bs-common-image'>\n                            <figure class='figure justify-content-start d-flex'>\n                            <picture>\n                            \n                            <img src='https:\/\/e3r429ujnza.exactdn.com\/wp-content\/uploads\/2023\/09\/Manulife-logo.png?strip=all&w=1920' class='img-fluid' alt='Manulife' title=''  \/>\n                            <\/picture>\n                                \n                            <\/figure>\n                        <\/div><\/div>\n\n<div class='media-elements bs-media-element---default enable'>    <div class='bs-common-image'>\n                            <figure class='figure justify-content-start d-flex'>\n                            <picture>\n                            \n                            <img src='https:\/\/e3r429ujnza.exactdn.com\/wp-content\/uploads\/2022\/09\/ShoppersDrugMart-2.png?strip=all&w=1920' class='img-fluid' alt='Shoppers Drug Mart' title=''  \/>\n                            <\/picture>\n                                \n                            <\/figure>\n                        <\/div><\/div><\/div><\/div>\n<\/div>\n<\/div>\n<\/div><\/section>\n","protected":false},"excerpt":{"rendered":"","protected":false},"author":3,"featured_media":0,"parent":23275,"menu_order":0,"comment_status":"closed","ping_status":"closed","template":"","meta":{"_acf_changed":false,"show_custom_date":false,"custom_date":"","manual_authors_enabled":false,"manual_authors":"","featured":false,"featured_image":0,"learn_more_label":"","image_alt_text":"","learn_more_type":"","learn_more_link":[],"show_popup":false,"learn_more_link_file":0,"event_date":false,"event_start_date":"","event_end_date":"","footnotes":""},"class_list":["post-22982","page","type-page","status-publish","hentry"],"acf":[],"yoast_head":"<!-- This site is optimized with the Yoast SEO plugin v27.3 - https:\/\/yoast.com\/product\/yoast-seo-wordpress\/ -->\n<title>Programme d\u00e9veloppeur - Rejoindre | League<\/title>\n<meta name=\"description\" content=\"Exploitez nos API et SDK pour construire et d\u00e9ployer des applications de sant\u00e9 engageantes, soutenues par une base s\u00e9curis\u00e9e et interop\u00e9rable. En savoir plus.\" \/>\n<meta name=\"robots\" content=\"index, follow, max-snippet:-1, max-image-preview:large, max-video-preview:-1\" \/>\n<link rel=\"canonical\" href=\"https:\/\/league.com\/fr\/programme-developpeur-rejoindre\/\" \/>\n<meta property=\"og:locale\" content=\"fr_CA\" \/>\n<meta property=\"og:type\" content=\"article\" \/>\n<meta property=\"og:title\" content=\"Programme d\u00e9veloppeur - Rejoindre | League\" \/>\n<meta property=\"og:description\" content=\"Exploitez nos API et SDK pour construire et d\u00e9ployer des applications de sant\u00e9 engageantes, soutenues par une base s\u00e9curis\u00e9e et interop\u00e9rable. En savoir plus.\" \/>\n<meta property=\"og:url\" content=\"https:\/\/league.com\/fr\/programme-developpeur-rejoindre\/\" \/>\n<meta property=\"og:site_name\" content=\"League\" \/>\n<meta property=\"article:publisher\" content=\"https:\/\/www.facebook.com\/leagueinc\/\" \/>\n<meta property=\"article:modified_time\" content=\"2026-02-12T19:46:51+00:00\" \/>\n<meta name=\"twitter:card\" content=\"summary_large_image\" \/>\n<meta name=\"twitter:site\" content=\"@joinleague\" \/>\n<meta name=\"twitter:label1\" content=\"Estimation du temps de lecture\" \/>\n\t<meta name=\"twitter:data1\" content=\"1 minute\" \/>\n<script type=\"application\/ld+json\" class=\"yoast-schema-graph\">{\"@context\":\"https:\\\/\\\/schema.org\",\"@graph\":[{\"@type\":\"WebPage\",\"@id\":\"https:\\\/\\\/league.com\\\/fr\\\/programme-developpeur-rejoindre\\\/\",\"url\":\"https:\\\/\\\/league.com\\\/fr\\\/programme-developpeur-rejoindre\\\/\",\"name\":\"Programme d\u00e9veloppeur - Rejoindre | League\",\"isPartOf\":{\"@id\":\"https:\\\/\\\/league.com\\\/fr\\\/#website\"},\"datePublished\":\"2022-09-13T17:41:46+00:00\",\"dateModified\":\"2026-02-12T19:46:51+00:00\",\"description\":\"Exploitez nos API et SDK pour construire et d\u00e9ployer des applications de sant\u00e9 engageantes, soutenues par une base s\u00e9curis\u00e9e et interop\u00e9rable. En savoir plus.\",\"breadcrumb\":{\"@id\":\"https:\\\/\\\/league.com\\\/fr\\\/programme-developpeur-rejoindre\\\/#breadcrumb\"},\"inLanguage\":\"fr-CA\",\"potentialAction\":[{\"@type\":\"ReadAction\",\"target\":[\"https:\\\/\\\/league.com\\\/fr\\\/programme-developpeur-rejoindre\\\/\"]}]},{\"@type\":\"BreadcrumbList\",\"@id\":\"https:\\\/\\\/league.com\\\/fr\\\/programme-developpeur-rejoindre\\\/#breadcrumb\",\"itemListElement\":[{\"@type\":\"ListItem\",\"position\":1,\"name\":\"League\",\"item\":\"https:\\\/\\\/league.com\\\/fr\\\/\"},{\"@type\":\"ListItem\",\"position\":2,\"name\":\"Programme de d\u00e9veloppeurs\",\"item\":\"https:\\\/\\\/league.com\\\/fr\\\/programme-de-developpeurs\\\/\"},{\"@type\":\"ListItem\",\"position\":3,\"name\":\"Programme d\u00e9veloppeur &#8211; Rejoindre\"}]},{\"@type\":\"WebSite\",\"@id\":\"https:\\\/\\\/league.com\\\/fr\\\/#website\",\"url\":\"https:\\\/\\\/league.com\\\/fr\\\/\",\"name\":\"League\",\"description\":\"Powering next-gen digital transformation in healthcare\",\"publisher\":{\"@id\":\"https:\\\/\\\/league.com\\\/fr\\\/#organization\"},\"potentialAction\":[{\"@type\":\"SearchAction\",\"target\":{\"@type\":\"EntryPoint\",\"urlTemplate\":\"https:\\\/\\\/league.com\\\/fr\\\/?s={search_term_string}\"},\"query-input\":{\"@type\":\"PropertyValueSpecification\",\"valueRequired\":true,\"valueName\":\"search_term_string\"}}],\"inLanguage\":\"fr-CA\"},{\"@type\":\"Organization\",\"@id\":\"https:\\\/\\\/league.com\\\/fr\\\/#organization\",\"name\":\"League\",\"url\":\"https:\\\/\\\/league.com\\\/fr\\\/\",\"logo\":{\"@type\":\"ImageObject\",\"inLanguage\":\"fr-CA\",\"@id\":\"https:\\\/\\\/league.com\\\/fr\\\/#\\\/schema\\\/logo\\\/image\\\/\",\"url\":\"https:\\\/\\\/e3r429ujnza.exactdn.com\\\/wp-content\\\/uploads\\\/2022\\\/06\\\/league-logo.svg\",\"contentUrl\":\"https:\\\/\\\/e3r429ujnza.exactdn.com\\\/wp-content\\\/uploads\\\/2022\\\/06\\\/league-logo.svg\",\"width\":171,\"height\":50,\"caption\":\"League\"},\"image\":{\"@id\":\"https:\\\/\\\/league.com\\\/fr\\\/#\\\/schema\\\/logo\\\/image\\\/\"},\"sameAs\":[\"https:\\\/\\\/www.facebook.com\\\/leagueinc\\\/\",\"https:\\\/\\\/x.com\\\/joinleague\",\"https:\\\/\\\/www.instagram.com\\\/joinleague\\\/\",\"https:\\\/\\\/www.linkedin.com\\\/company\\\/league-inc-\\\/\",\"https:\\\/\\\/app.league.com\\\/\"],\"description\":\"Founded in 2014, League is the leading healthcare consumer experience (CX) platform, powered by artificial intelligence (AI), reaching more than 63 million people around the world and delivering the highest level of personalization in the industry. Payers, providers, and healthcare innovators build on League\u2019s platform to deliver high-engagement healthcare solutions proven to improve health outcomes.\",\"email\":\"toronto@league.com\",\"telephone\":\"1-437-222-5555\",\"address\":{\"@type\":\"PostalAddress\",\"streetAddress\":\"225 King Street West\",\"addressLocality\":\"Toronto\",\"addressCountry\":\"CA\",\"addressRegion\":\"Ontario\",\"postalCode\":\"M5V 3M2\"},\"founder\":\"Michael Serbinis\",\"keywords\":[\"healthcare cx platform\",\"digital healthcare platform\",\"digital health platform\",\"AI in digital healthcare\",\"AI healthcare platform\",\"AI adoption in healthcare\"]}]}<\/script>\n<!-- \/ Yoast SEO plugin. -->","yoast_head_json":{"title":"Programme d\u00e9veloppeur - Rejoindre | League","description":"Exploitez nos API et SDK pour construire et d\u00e9ployer des applications de sant\u00e9 engageantes, soutenues par une base s\u00e9curis\u00e9e et interop\u00e9rable. En savoir plus.","robots":{"index":"index","follow":"follow","max-snippet":"max-snippet:-1","max-image-preview":"max-image-preview:large","max-video-preview":"max-video-preview:-1"},"canonical":"https:\/\/league.com\/fr\/programme-developpeur-rejoindre\/","og_locale":"fr_CA","og_type":"article","og_title":"Programme d\u00e9veloppeur - Rejoindre | League","og_description":"Exploitez nos API et SDK pour construire et d\u00e9ployer des applications de sant\u00e9 engageantes, soutenues par une base s\u00e9curis\u00e9e et interop\u00e9rable. En savoir plus.","og_url":"https:\/\/league.com\/fr\/programme-developpeur-rejoindre\/","og_site_name":"League","article_publisher":"https:\/\/www.facebook.com\/leagueinc\/","article_modified_time":"2026-02-12T19:46:51+00:00","twitter_card":"summary_large_image","twitter_site":"@joinleague","twitter_misc":{"Estimation du temps de lecture":"1 minute"},"schema":{"@context":"https:\/\/schema.org","@graph":[{"@type":"WebPage","@id":"https:\/\/league.com\/fr\/programme-developpeur-rejoindre\/","url":"https:\/\/league.com\/fr\/programme-developpeur-rejoindre\/","name":"Programme d\u00e9veloppeur - Rejoindre | League","isPartOf":{"@id":"https:\/\/league.com\/fr\/#website"},"datePublished":"2022-09-13T17:41:46+00:00","dateModified":"2026-02-12T19:46:51+00:00","description":"Exploitez nos API et SDK pour construire et d\u00e9ployer des applications de sant\u00e9 engageantes, soutenues par une base s\u00e9curis\u00e9e et interop\u00e9rable. En savoir plus.","breadcrumb":{"@id":"https:\/\/league.com\/fr\/programme-developpeur-rejoindre\/#breadcrumb"},"inLanguage":"fr-CA","potentialAction":[{"@type":"ReadAction","target":["https:\/\/league.com\/fr\/programme-developpeur-rejoindre\/"]}]},{"@type":"BreadcrumbList","@id":"https:\/\/league.com\/fr\/programme-developpeur-rejoindre\/#breadcrumb","itemListElement":[{"@type":"ListItem","position":1,"name":"League","item":"https:\/\/league.com\/fr\/"},{"@type":"ListItem","position":2,"name":"Programme de d\u00e9veloppeurs","item":"https:\/\/league.com\/fr\/programme-de-developpeurs\/"},{"@type":"ListItem","position":3,"name":"Programme d\u00e9veloppeur &#8211; Rejoindre"}]},{"@type":"WebSite","@id":"https:\/\/league.com\/fr\/#website","url":"https:\/\/league.com\/fr\/","name":"League","description":"Powering next-gen digital transformation in healthcare","publisher":{"@id":"https:\/\/league.com\/fr\/#organization"},"potentialAction":[{"@type":"SearchAction","target":{"@type":"EntryPoint","urlTemplate":"https:\/\/league.com\/fr\/?s={search_term_string}"},"query-input":{"@type":"PropertyValueSpecification","valueRequired":true,"valueName":"search_term_string"}}],"inLanguage":"fr-CA"},{"@type":"Organization","@id":"https:\/\/league.com\/fr\/#organization","name":"League","url":"https:\/\/league.com\/fr\/","logo":{"@type":"ImageObject","inLanguage":"fr-CA","@id":"https:\/\/league.com\/fr\/#\/schema\/logo\/image\/","url":"https:\/\/e3r429ujnza.exactdn.com\/wp-content\/uploads\/2022\/06\/league-logo.svg","contentUrl":"https:\/\/e3r429ujnza.exactdn.com\/wp-content\/uploads\/2022\/06\/league-logo.svg","width":171,"height":50,"caption":"League"},"image":{"@id":"https:\/\/league.com\/fr\/#\/schema\/logo\/image\/"},"sameAs":["https:\/\/www.facebook.com\/leagueinc\/","https:\/\/x.com\/joinleague","https:\/\/www.instagram.com\/joinleague\/","https:\/\/www.linkedin.com\/company\/league-inc-\/","https:\/\/app.league.com\/"],"description":"Founded in 2014, League is the leading healthcare consumer experience (CX) platform, powered by artificial intelligence (AI), reaching more than 63 million people around the world and delivering the highest level of personalization in the industry. Payers, providers, and healthcare innovators build on League\u2019s platform to deliver high-engagement healthcare solutions proven to improve health outcomes.","email":"toronto@league.com","telephone":"1-437-222-5555","address":{"@type":"PostalAddress","streetAddress":"225 King Street West","addressLocality":"Toronto","addressCountry":"CA","addressRegion":"Ontario","postalCode":"M5V 3M2"},"founder":"Michael Serbinis","keywords":["healthcare cx platform","digital healthcare platform","digital health platform","AI in digital healthcare","AI healthcare platform","AI adoption in healthcare"]}]}},"_links":{"self":[{"href":"https:\/\/league.com\/fr\/wp-json\/wp\/v2\/pages\/22982","targetHints":{"allow":["GET"]}}],"collection":[{"href":"https:\/\/league.com\/fr\/wp-json\/wp\/v2\/pages"}],"about":[{"href":"https:\/\/league.com\/fr\/wp-json\/wp\/v2\/types\/page"}],"author":[{"embeddable":true,"href":"https:\/\/league.com\/fr\/wp-json\/wp\/v2\/users\/3"}],"replies":[{"embeddable":true,"href":"https:\/\/league.com\/fr\/wp-json\/wp\/v2\/comments?post=22982"}],"version-history":[{"count":2,"href":"https:\/\/league.com\/fr\/wp-json\/wp\/v2\/pages\/22982\/revisions"}],"predecessor-version":[{"id":23485,"href":"https:\/\/league.com\/fr\/wp-json\/wp\/v2\/pages\/22982\/revisions\/23485"}],"up":[{"embeddable":true,"href":"https:\/\/league.com\/fr\/wp-json\/wp\/v2\/pages\/23275"}],"wp:attachment":[{"href":"https:\/\/league.com\/fr\/wp-json\/wp\/v2\/media?parent=22982"}],"curies":[{"name":"wp","href":"https:\/\/api.w.org\/{rel}","templated":true}]}}